{"id":960,"date":"2020-02-10T17:14:16","date_gmt":"2020-02-10T16:14:16","guid":{"rendered":"http:\/\/lescaboteursdelune.fr\/?page_id=960"},"modified":"2024-03-06T23:03:33","modified_gmt":"2024-03-06T22:03:33","slug":"points-de-vente","status":"publish","type":"page","link":"https:\/\/lescaboteursdelune.fr\/index.php\/points-de-vente\/","title":{"rendered":"Points de vente hors campagne"},"content":{"rendered":"\n<p>Nous n&rsquo;utilisons majoritairement que le syst\u00e8me de \u00ab\u00a0pr\u00e9-commandes\u00a0\u00bb mais pour le bon fonctionnement de l&rsquo;association et le plaisir des passants, nous commandons un petit surplus lors de chaque campagne , la-dite \u00ab\u00a0vente sur place\u00a0\u00bb. Nous prenons donc le risque financier d&rsquo;avoir des invendus. Les magasins ci-dessous nous ont donc propos\u00e9s de prendre en d\u00e9p\u00f4t\/vente nos derniers <a href=\"http:\/\/lescaboteursdelune.fr\/index.php\/nos-produits-2\/\">produits<\/a>.<\/p>\n\n\n<div class=\"wp-block-image\">\n<figure class=\"alignleft is-resized\"><img loading=\"lazy\" decoding=\"async\" width=\"914\" height=\"650\" src=\"http:\/\/lescaboteursdelune.fr\/wp-content\/uploads\/2020\/02\/59908918_451801125596378_3913531954816876544_n-e1581350509557.jpg\" alt=\"\" class=\"wp-image-961\" style=\"width:157px;height:112px\" srcset=\"https:\/\/lescaboteursdelune.fr\/wp-content\/uploads\/2020\/02\/59908918_451801125596378_3913531954816876544_n-e1581350509557.jpg 914w, https:\/\/lescaboteursdelune.fr\/wp-content\/uploads\/2020\/02\/59908918_451801125596378_3913531954816876544_n-e1581350509557-300x213.jpg 300w, https:\/\/lescaboteursdelune.fr\/wp-content\/uploads\/2020\/02\/59908918_451801125596378_3913531954816876544_n-e1581350509557-768x546.jpg 768w\" sizes=\"auto, (max-width: 914px) 100vw, 914px\" \/><\/figure><\/div>\n\n\n<p><a href=\"https:\/\/www.facebook.com\/Station-de-la-plage-669273246872724\/\" target=\"_blank\" rel=\"noreferrer noopener\">La Station de la plage<\/a> , boutique associative d&rsquo;artisans cr\u00e9ateurs locaux.<\/p>\n\n\n\n<p> 30 avenue de la libert\u00e9, 85740 L&rsquo;\u00e9pine<\/p>\n\n\n\n<p>___________________________________________<\/p>\n\n\n<div class=\"wp-block-image\">\n<figure class=\"alignleft is-resized\"><img loading=\"lazy\" decoding=\"async\" width=\"745\" height=\"520\" src=\"http:\/\/lescaboteursdelune.fr\/wp-content\/uploads\/2020\/02\/67633431_2454566514602404_7109602778321780736_n-e1581350678210.jpg\" alt=\"\" class=\"wp-image-962\" style=\"width:159px;height:111px\" srcset=\"https:\/\/lescaboteursdelune.fr\/wp-content\/uploads\/2020\/02\/67633431_2454566514602404_7109602778321780736_n-e1581350678210.jpg 745w, https:\/\/lescaboteursdelune.fr\/wp-content\/uploads\/2020\/02\/67633431_2454566514602404_7109602778321780736_n-e1581350678210-300x209.jpg 300w\" sizes=\"auto, (max-width: 745px) 100vw, 745px\" \/><\/figure><\/div>\n\n\n<p><a href=\"https:\/\/www.facebook.com\/laQVNoirmoutier\/\" target=\"_blank\" rel=\"noreferrer noopener\">La QV<\/a>, cave \u00e0 bi\u00e8res.<\/p>\n\n\n\n<p> 42F rue de la pr\u00e9e aux ducs, 85330 Noirmoutier-en-l\u2019\u00eele .<\/p>\n\n\n\n<p><\/p>\n\n\n\n<p>____________________________________________<\/p>\n\n\n<div class=\"wp-block-image\">\n<figure class=\"alignleft size-full is-resized\"><img loading=\"lazy\" decoding=\"async\" width=\"960\" height=\"960\" src=\"http:\/\/lescaboteursdelune.fr\/wp-content\/uploads\/2024\/02\/335849729_534580855238526_4778115969535269739_n.jpg\" alt=\"\" class=\"wp-image-1588\" style=\"width:161px;height:auto\" srcset=\"https:\/\/lescaboteursdelune.fr\/wp-content\/uploads\/2024\/02\/335849729_534580855238526_4778115969535269739_n.jpg 960w, https:\/\/lescaboteursdelune.fr\/wp-content\/uploads\/2024\/02\/335849729_534580855238526_4778115969535269739_n-300x300.jpg 300w, https:\/\/lescaboteursdelune.fr\/wp-content\/uploads\/2024\/02\/335849729_534580855238526_4778115969535269739_n-150x150.jpg 150w, https:\/\/lescaboteursdelune.fr\/wp-content\/uploads\/2024\/02\/335849729_534580855238526_4778115969535269739_n-768x768.jpg 768w, https:\/\/lescaboteursdelune.fr\/wp-content\/uploads\/2024\/02\/335849729_534580855238526_4778115969535269739_n-180x180.jpg 180w\" sizes=\"auto, (max-width: 960px) 100vw, 960px\" \/><\/figure><\/div>\n\n\n<p><a href=\"https:\/\/www.facebook.com\/LeHarangNoirmoutier\" target=\"_blank\" rel=\"noreferrer noopener\">Le Harang<\/a> &#8211; Conserverie d&rsquo;artisans et Cr\u00e9ateurs <\/p>\n\n\n\n<p>(lieu de stockage des Caboteurs, acc\u00e8s sur rendez-vous par <a href=\"https:\/\/lescaboteursdelune.fr\/index.php\/contact\/\">mail<\/a> ou t\u00e9l\u00e9phone)<\/p>\n\n\n\n<p>BAT 6 &#8211; Parc d&rsquo;activit\u00e9s de la Salorge, 85330 Noirmoutier.<\/p>\n","protected":false},"excerpt":{"rendered":"<p>Nous n&rsquo;utilisons majoritairement que le syst\u00e8me de \u00ab\u00a0pr\u00e9-commandes\u00a0\u00bb mais pour le bon fonctionnement de l&rsquo;association et le plaisir des passants, nous commandons un petit surplus lors de chaque campagne , la-dite \u00ab\u00a0vente sur place\u00a0\u00bb. Nous prenons donc le risque financier d&rsquo;avoir des invendus. Les magasins ci-dessous nous ont donc propos\u00e9s de prendre en d\u00e9p\u00f4t\/vente nos&hellip; <a href=\"https:\/\/lescaboteursdelune.fr\/index.php\/points-de-vente\/\" class=\"more-link\">Lire la suite <span class=\"screen-reader-text\">Points de vente hors campagne<\/span><\/a><\/p>\n","protected":false},"author":2,"featured_media":1338,"parent":0,"menu_order":0,"comment_status":"closed","ping_status":"closed","template":"","meta":{"footnotes":""},"class_list":["post-960","page","type-page","status-publish","has-post-thumbnail","hentry","with-featured-image"],"yoast_head":"<!-- This site is optimized with the Yoast SEO plugin v21.8.1 - https:\/\/yoast.com\/wordpress\/plugins\/seo\/ -->\n<title>Points de vente hors campagne - Les Caboteurs de Lune<\/title>\n<meta name=\"description\" content=\"Les Caboteurs de Lune association promotion Fret \u00e0 la Voile Noirmoutier Vend\u00e9e\" \/>\n<meta name=\"robots\" content=\"index, follow, max-snippet:-1, max-image-preview:large, max-video-preview:-1\" \/>\n<link rel=\"canonical\" href=\"https:\/\/lescaboteursdelune.fr\/index.php\/points-de-vente\/\" \/>\n<meta property=\"og:locale\" content=\"fr_FR\" \/>\n<meta property=\"og:type\" content=\"article\" \/>\n<meta property=\"og:title\" content=\"Points de vente hors campagne - Les Caboteurs de Lune\" \/>\n<meta property=\"og:description\" content=\"Les Caboteurs de Lune association promotion Fret \u00e0 la Voile Noirmoutier Vend\u00e9e\" \/>\n<meta property=\"og:url\" content=\"https:\/\/lescaboteursdelune.fr\/index.php\/points-de-vente\/\" \/>\n<meta property=\"og:site_name\" content=\"Les Caboteurs de Lune\" \/>\n<meta property=\"article:modified_time\" content=\"2024-03-06T22:03:33+00:00\" \/>\n<meta property=\"og:image\" content=\"http:\/\/lescaboteursdelune.fr\/wp-content\/uploads\/2024\/02\/Dechargement-6-scaled.jpg\" \/>\n\t<meta property=\"og:image:width\" content=\"2560\" \/>\n\t<meta property=\"og:image:height\" content=\"1707\" \/>\n\t<meta property=\"og:image:type\" content=\"image\/jpeg\" \/>\n<meta name=\"twitter:card\" content=\"summary_large_image\" \/>\n<meta name=\"twitter:label1\" content=\"Dur\u00e9e de lecture estim\u00e9e\" \/>\n\t<meta name=\"twitter:data1\" content=\"2 minutes\" \/>\n<script type=\"application\/ld+json\" class=\"yoast-schema-graph\">{\"@context\":\"https:\/\/schema.org\",\"@graph\":[{\"@type\":\"WebPage\",\"@id\":\"https:\/\/lescaboteursdelune.fr\/index.php\/points-de-vente\/\",\"url\":\"https:\/\/lescaboteursdelune.fr\/index.php\/points-de-vente\/\",\"name\":\"Points de vente hors campagne - Les Caboteurs de Lune\",\"isPartOf\":{\"@id\":\"https:\/\/lescaboteursdelune.fr\/#website\"},\"datePublished\":\"2020-02-10T16:14:16+00:00\",\"dateModified\":\"2024-03-06T22:03:33+00:00\",\"description\":\"Les Caboteurs de Lune association promotion Fret \u00e0 la Voile Noirmoutier Vend\u00e9e\",\"breadcrumb\":{\"@id\":\"https:\/\/lescaboteursdelune.fr\/index.php\/points-de-vente\/#breadcrumb\"},\"inLanguage\":\"fr-FR\",\"potentialAction\":[{\"@type\":\"ReadAction\",\"target\":[\"https:\/\/lescaboteursdelune.fr\/index.php\/points-de-vente\/\"]}]},{\"@type\":\"BreadcrumbList\",\"@id\":\"https:\/\/lescaboteursdelune.fr\/index.php\/points-de-vente\/#breadcrumb\",\"itemListElement\":[{\"@type\":\"ListItem\",\"position\":1,\"name\":\"Accueil\",\"item\":\"https:\/\/lescaboteursdelune.fr\/\"},{\"@type\":\"ListItem\",\"position\":2,\"name\":\"Points de vente hors campagne\"}]},{\"@type\":\"WebSite\",\"@id\":\"https:\/\/lescaboteursdelune.fr\/#website\",\"url\":\"https:\/\/lescaboteursdelune.fr\/\",\"name\":\"Les Caboteurs de Lune\",\"description\":\"Comptoir de fret \u00e0 la voile\",\"publisher\":{\"@id\":\"https:\/\/lescaboteursdelune.fr\/#organization\"},\"potentialAction\":[{\"@type\":\"SearchAction\",\"target\":{\"@type\":\"EntryPoint\",\"urlTemplate\":\"https:\/\/lescaboteursdelune.fr\/?s={search_term_string}\"},\"query-input\":\"required name=search_term_string\"}],\"inLanguage\":\"fr-FR\"},{\"@type\":\"Organization\",\"@id\":\"https:\/\/lescaboteursdelune.fr\/#organization\",\"name\":\"Les Caboteurs de Lune\",\"url\":\"https:\/\/lescaboteursdelune.fr\/\",\"logo\":{\"@type\":\"ImageObject\",\"inLanguage\":\"fr-FR\",\"@id\":\"https:\/\/lescaboteursdelune.fr\/#\/schema\/logo\/image\/\",\"url\":\"https:\/\/lescaboteursdelune.fr\/wp-content\/uploads\/2018\/07\/logo_caboteur.jpg\",\"contentUrl\":\"https:\/\/lescaboteursdelune.fr\/wp-content\/uploads\/2018\/07\/logo_caboteur.jpg\",\"width\":960,\"height\":960,\"caption\":\"Les Caboteurs de Lune\"},\"image\":{\"@id\":\"https:\/\/lescaboteursdelune.fr\/#\/schema\/logo\/image\/\"}}]}<\/script>\n<!-- \/ Yoast SEO plugin. -->","yoast_head_json":{"title":"Points de vente hors campagne - Les Caboteurs de Lune","description":"Les Caboteurs de Lune association promotion Fret \u00e0 la Voile Noirmoutier Vend\u00e9e","robots":{"index":"index","follow":"follow","max-snippet":"max-snippet:-1","max-image-preview":"max-image-preview:large","max-video-preview":"max-video-preview:-1"},"canonical":"https:\/\/lescaboteursdelune.fr\/index.php\/points-de-vente\/","og_locale":"fr_FR","og_type":"article","og_title":"Points de vente hors campagne - Les Caboteurs de Lune","og_description":"Les Caboteurs de Lune association promotion Fret \u00e0 la Voile Noirmoutier Vend\u00e9e","og_url":"https:\/\/lescaboteursdelune.fr\/index.php\/points-de-vente\/","og_site_name":"Les Caboteurs de Lune","article_modified_time":"2024-03-06T22:03:33+00:00","og_image":[{"width":2560,"height":1707,"url":"http:\/\/lescaboteursdelune.fr\/wp-content\/uploads\/2024\/02\/Dechargement-6-scaled.jpg","type":"image\/jpeg"}],"twitter_card":"summary_large_image","twitter_misc":{"Dur\u00e9e de lecture estim\u00e9e":"2 minutes"},"schema":{"@context":"https:\/\/schema.org","@graph":[{"@type":"WebPage","@id":"https:\/\/lescaboteursdelune.fr\/index.php\/points-de-vente\/","url":"https:\/\/lescaboteursdelune.fr\/index.php\/points-de-vente\/","name":"Points de vente hors campagne - Les Caboteurs de Lune","isPartOf":{"@id":"https:\/\/lescaboteursdelune.fr\/#website"},"datePublished":"2020-02-10T16:14:16+00:00","dateModified":"2024-03-06T22:03:33+00:00","description":"Les Caboteurs de Lune association promotion Fret \u00e0 la Voile Noirmoutier Vend\u00e9e","breadcrumb":{"@id":"https:\/\/lescaboteursdelune.fr\/index.php\/points-de-vente\/#breadcrumb"},"inLanguage":"fr-FR","potentialAction":[{"@type":"ReadAction","target":["https:\/\/lescaboteursdelune.fr\/index.php\/points-de-vente\/"]}]},{"@type":"BreadcrumbList","@id":"https:\/\/lescaboteursdelune.fr\/index.php\/points-de-vente\/#breadcrumb","itemListElement":[{"@type":"ListItem","position":1,"name":"Accueil","item":"https:\/\/lescaboteursdelune.fr\/"},{"@type":"ListItem","position":2,"name":"Points de vente hors campagne"}]},{"@type":"WebSite","@id":"https:\/\/lescaboteursdelune.fr\/#website","url":"https:\/\/lescaboteursdelune.fr\/","name":"Les Caboteurs de Lune","description":"Comptoir de fret \u00e0 la voile","publisher":{"@id":"https:\/\/lescaboteursdelune.fr\/#organization"},"potentialAction":[{"@type":"SearchAction","target":{"@type":"EntryPoint","urlTemplate":"https:\/\/lescaboteursdelune.fr\/?s={search_term_string}"},"query-input":"required name=search_term_string"}],"inLanguage":"fr-FR"},{"@type":"Organization","@id":"https:\/\/lescaboteursdelune.fr\/#organization","name":"Les Caboteurs de Lune","url":"https:\/\/lescaboteursdelune.fr\/","logo":{"@type":"ImageObject","inLanguage":"fr-FR","@id":"https:\/\/lescaboteursdelune.fr\/#\/schema\/logo\/image\/","url":"https:\/\/lescaboteursdelune.fr\/wp-content\/uploads\/2018\/07\/logo_caboteur.jpg","contentUrl":"https:\/\/lescaboteursdelune.fr\/wp-content\/uploads\/2018\/07\/logo_caboteur.jpg","width":960,"height":960,"caption":"Les Caboteurs de Lune"},"image":{"@id":"https:\/\/lescaboteursdelune.fr\/#\/schema\/logo\/image\/"}}]}},"_links":{"self":[{"href":"https:\/\/lescaboteursdelune.fr\/index.php\/wp-json\/wp\/v2\/pages\/960","targetHints":{"allow":["GET"]}}],"collection":[{"href":"https:\/\/lescaboteursdelune.fr\/index.php\/wp-json\/wp\/v2\/pages"}],"about":[{"href":"https:\/\/lescaboteursdelune.fr\/index.php\/wp-json\/wp\/v2\/types\/page"}],"author":[{"embeddable":true,"href":"https:\/\/lescaboteursdelune.fr\/index.php\/wp-json\/wp\/v2\/users\/2"}],"replies":[{"embeddable":true,"href":"https:\/\/lescaboteursdelune.fr\/index.php\/wp-json\/wp\/v2\/comments?post=960"}],"version-history":[{"count":13,"href":"https:\/\/lescaboteursdelune.fr\/index.php\/wp-json\/wp\/v2\/pages\/960\/revisions"}],"predecessor-version":[{"id":1603,"href":"https:\/\/lescaboteursdelune.fr\/index.php\/wp-json\/wp\/v2\/pages\/960\/revisions\/1603"}],"wp:featuredmedia":[{"embeddable":true,"href":"https:\/\/lescaboteursdelune.fr\/index.php\/wp-json\/wp\/v2\/media\/1338"}],"wp:attachment":[{"href":"https:\/\/lescaboteursdelune.fr\/index.php\/wp-json\/wp\/v2\/media?parent=960"}],"curies":[{"name":"wp","href":"https:\/\/api.w.org\/{rel}","templated":true}]}}