{"id":791,"date":"2019-11-08T13:38:52","date_gmt":"2019-11-08T12:38:52","guid":{"rendered":"http:\/\/lescaboteursdelune.fr\/?page_id=791"},"modified":"2020-02-28T16:02:42","modified_gmt":"2020-02-28T15:02:42","slug":"association-la-chaloupe","status":"publish","type":"page","link":"https:\/\/lescaboteursdelune.fr\/index.php\/association-la-chaloupe\/","title":{"rendered":"Association la Chaloupe"},"content":{"rendered":"\n<figure class=\"wp-block-image\"><img decoding=\"async\" src=\"http:\/\/lescaboteursdelune.fr\/wp-content\/uploads\/2019\/11\/67493149_2484112284983868_6855137798668681216_o.jpg\" alt=\"\" class=\"wp-image-792\"\/><figcaption>Le fameux \u00e9chouage sur la Plage des Dames, lors des R\u00e9gates du Bois de la Chaise.<\/figcaption><\/figure>\n\n\n\n<p> L\u2019objectif premier de l\u2019Association est la protection et la mise en valeur du patrimoine maritime<\/p>\n\n\n\n<p>Ouverte en \u00e9t\u00e9 comme en hiver, donnant sur le vieux port de Noirmoutier, l\u2019association \u00ab La Chaloupe \u00bb \u0153uvre depuis 30 ans pour la protection et la mise en valeur du patrimoine maritime. Le nombre d\u2019adh\u00e9rents cro\u00eet d\u2019ann\u00e9e en ann\u00e9e pour atteindre aujourd\u2019hui plus de 200 membres.<\/p>\n\n\n\n<p>La Chaloupe organise chaque ann\u00e9e un \u00e9v\u00e8nement-phare d\u2019\u00e9chelle nationale \u00ab Les R\u00e9gates du Bois de la Chaise \u00bb. L&rsquo;association offre \u00e9galement, \u00e0 travers son atelier, l&rsquo;apprentissage des techniques de charpente navale noirmoutrines, la d\u00e9couverte des traditions locales, sans oublier le go\u00fbt de se retrouver et \u00e9changer de mani\u00e8re conviviale. <\/p>\n\n\n\n<div class=\"wp-block-image\"><figure class=\"aligncenter is-resized\"><img loading=\"lazy\" decoding=\"async\" src=\"http:\/\/lescaboteursdelune.fr\/wp-content\/uploads\/2019\/11\/287836_453031578091959_30588793_o.jpg\" alt=\"\" class=\"wp-image-790\" width=\"243\" height=\"243\" srcset=\"https:\/\/lescaboteursdelune.fr\/wp-content\/uploads\/2019\/11\/287836_453031578091959_30588793_o.jpg 960w, https:\/\/lescaboteursdelune.fr\/wp-content\/uploads\/2019\/11\/287836_453031578091959_30588793_o-150x150.jpg 150w, https:\/\/lescaboteursdelune.fr\/wp-content\/uploads\/2019\/11\/287836_453031578091959_30588793_o-300x300.jpg 300w, https:\/\/lescaboteursdelune.fr\/wp-content\/uploads\/2019\/11\/287836_453031578091959_30588793_o-768x768.jpg 768w, https:\/\/lescaboteursdelune.fr\/wp-content\/uploads\/2019\/11\/287836_453031578091959_30588793_o-180x180.jpg 180w\" sizes=\"auto, (max-width: 243px) 100vw, 243px\" \/><\/figure><\/div>\n","protected":false},"excerpt":{"rendered":"<p>L\u2019objectif premier de l\u2019Association est la protection et la mise en valeur du patrimoine maritime Ouverte en \u00e9t\u00e9 comme en hiver, donnant sur le vieux port de Noirmoutier, l\u2019association \u00ab La Chaloupe \u00bb \u0153uvre depuis 30 ans pour la protection et la mise en valeur du patrimoine maritime. Le nombre d\u2019adh\u00e9rents cro\u00eet d\u2019ann\u00e9e en ann\u00e9e&hellip; <a href=\"https:\/\/lescaboteursdelune.fr\/index.php\/association-la-chaloupe\/\" class=\"more-link\">Lire la suite <span class=\"screen-reader-text\">Association la Chaloupe<\/span><\/a><\/p>\n","protected":false},"author":2,"featured_media":0,"parent":0,"menu_order":0,"comment_status":"closed","ping_status":"closed","template":"","meta":{"footnotes":""},"class_list":["post-791","page","type-page","status-publish","hentry","without-featured-image"],"yoast_head":"<!-- This site is optimized with the Yoast SEO plugin v21.8.1 - https:\/\/yoast.com\/wordpress\/plugins\/seo\/ -->\n<title>Association la Chaloupe - Les Caboteurs de Lune<\/title>\n<meta name=\"description\" content=\"Les Caboteurs de Lune association promotion Fret \u00e0 la Voile Noirmoutier Vend\u00e9e\" \/>\n<meta name=\"robots\" content=\"index, follow, max-snippet:-1, max-image-preview:large, max-video-preview:-1\" \/>\n<link rel=\"canonical\" href=\"https:\/\/lescaboteursdelune.fr\/index.php\/association-la-chaloupe\/\" \/>\n<meta property=\"og:locale\" content=\"fr_FR\" \/>\n<meta property=\"og:type\" content=\"article\" \/>\n<meta property=\"og:title\" content=\"Association la Chaloupe - Les Caboteurs de Lune\" \/>\n<meta property=\"og:description\" content=\"Les Caboteurs de Lune association promotion Fret \u00e0 la Voile Noirmoutier Vend\u00e9e\" \/>\n<meta property=\"og:url\" content=\"https:\/\/lescaboteursdelune.fr\/index.php\/association-la-chaloupe\/\" \/>\n<meta property=\"og:site_name\" content=\"Les Caboteurs de Lune\" \/>\n<meta property=\"article:modified_time\" content=\"2020-02-28T15:02:42+00:00\" \/>\n<meta property=\"og:image\" content=\"http:\/\/lescaboteursdelune.fr\/wp-content\/uploads\/2019\/11\/67493149_2484112284983868_6855137798668681216_o.jpg\" \/>\n<meta name=\"twitter:card\" content=\"summary_large_image\" \/>\n<meta name=\"twitter:label1\" content=\"Dur\u00e9e de lecture estim\u00e9e\" \/>\n\t<meta name=\"twitter:data1\" content=\"1 minute\" \/>\n<script type=\"application\/ld+json\" class=\"yoast-schema-graph\">{\"@context\":\"https:\/\/schema.org\",\"@graph\":[{\"@type\":\"WebPage\",\"@id\":\"https:\/\/lescaboteursdelune.fr\/index.php\/association-la-chaloupe\/\",\"url\":\"https:\/\/lescaboteursdelune.fr\/index.php\/association-la-chaloupe\/\",\"name\":\"Association la Chaloupe - Les Caboteurs de Lune\",\"isPartOf\":{\"@id\":\"https:\/\/lescaboteursdelune.fr\/#website\"},\"datePublished\":\"2019-11-08T12:38:52+00:00\",\"dateModified\":\"2020-02-28T15:02:42+00:00\",\"description\":\"Les Caboteurs de Lune association promotion Fret \u00e0 la Voile Noirmoutier Vend\u00e9e\",\"breadcrumb\":{\"@id\":\"https:\/\/lescaboteursdelune.fr\/index.php\/association-la-chaloupe\/#breadcrumb\"},\"inLanguage\":\"fr-FR\",\"potentialAction\":[{\"@type\":\"ReadAction\",\"target\":[\"https:\/\/lescaboteursdelune.fr\/index.php\/association-la-chaloupe\/\"]}]},{\"@type\":\"BreadcrumbList\",\"@id\":\"https:\/\/lescaboteursdelune.fr\/index.php\/association-la-chaloupe\/#breadcrumb\",\"itemListElement\":[{\"@type\":\"ListItem\",\"position\":1,\"name\":\"Accueil\",\"item\":\"https:\/\/lescaboteursdelune.fr\/\"},{\"@type\":\"ListItem\",\"position\":2,\"name\":\"Association la Chaloupe\"}]},{\"@type\":\"WebSite\",\"@id\":\"https:\/\/lescaboteursdelune.fr\/#website\",\"url\":\"https:\/\/lescaboteursdelune.fr\/\",\"name\":\"Les Caboteurs de Lune\",\"description\":\"Comptoir de fret \u00e0 la voile\",\"publisher\":{\"@id\":\"https:\/\/lescaboteursdelune.fr\/#organization\"},\"potentialAction\":[{\"@type\":\"SearchAction\",\"target\":{\"@type\":\"EntryPoint\",\"urlTemplate\":\"https:\/\/lescaboteursdelune.fr\/?s={search_term_string}\"},\"query-input\":\"required name=search_term_string\"}],\"inLanguage\":\"fr-FR\"},{\"@type\":\"Organization\",\"@id\":\"https:\/\/lescaboteursdelune.fr\/#organization\",\"name\":\"Les Caboteurs de Lune\",\"url\":\"https:\/\/lescaboteursdelune.fr\/\",\"logo\":{\"@type\":\"ImageObject\",\"inLanguage\":\"fr-FR\",\"@id\":\"https:\/\/lescaboteursdelune.fr\/#\/schema\/logo\/image\/\",\"url\":\"https:\/\/lescaboteursdelune.fr\/wp-content\/uploads\/2018\/07\/logo_caboteur.jpg\",\"contentUrl\":\"https:\/\/lescaboteursdelune.fr\/wp-content\/uploads\/2018\/07\/logo_caboteur.jpg\",\"width\":960,\"height\":960,\"caption\":\"Les Caboteurs de Lune\"},\"image\":{\"@id\":\"https:\/\/lescaboteursdelune.fr\/#\/schema\/logo\/image\/\"}}]}<\/script>\n<!-- \/ Yoast SEO plugin. -->","yoast_head_json":{"title":"Association la Chaloupe - Les Caboteurs de Lune","description":"Les Caboteurs de Lune association promotion Fret \u00e0 la Voile Noirmoutier Vend\u00e9e","robots":{"index":"index","follow":"follow","max-snippet":"max-snippet:-1","max-image-preview":"max-image-preview:large","max-video-preview":"max-video-preview:-1"},"canonical":"https:\/\/lescaboteursdelune.fr\/index.php\/association-la-chaloupe\/","og_locale":"fr_FR","og_type":"article","og_title":"Association la Chaloupe - Les Caboteurs de Lune","og_description":"Les Caboteurs de Lune association promotion Fret \u00e0 la Voile Noirmoutier Vend\u00e9e","og_url":"https:\/\/lescaboteursdelune.fr\/index.php\/association-la-chaloupe\/","og_site_name":"Les Caboteurs de Lune","article_modified_time":"2020-02-28T15:02:42+00:00","og_image":[{"url":"http:\/\/lescaboteursdelune.fr\/wp-content\/uploads\/2019\/11\/67493149_2484112284983868_6855137798668681216_o.jpg"}],"twitter_card":"summary_large_image","twitter_misc":{"Dur\u00e9e de lecture estim\u00e9e":"1 minute"},"schema":{"@context":"https:\/\/schema.org","@graph":[{"@type":"WebPage","@id":"https:\/\/lescaboteursdelune.fr\/index.php\/association-la-chaloupe\/","url":"https:\/\/lescaboteursdelune.fr\/index.php\/association-la-chaloupe\/","name":"Association la Chaloupe - Les Caboteurs de Lune","isPartOf":{"@id":"https:\/\/lescaboteursdelune.fr\/#website"},"datePublished":"2019-11-08T12:38:52+00:00","dateModified":"2020-02-28T15:02:42+00:00","description":"Les Caboteurs de Lune association promotion Fret \u00e0 la Voile Noirmoutier Vend\u00e9e","breadcrumb":{"@id":"https:\/\/lescaboteursdelune.fr\/index.php\/association-la-chaloupe\/#breadcrumb"},"inLanguage":"fr-FR","potentialAction":[{"@type":"ReadAction","target":["https:\/\/lescaboteursdelune.fr\/index.php\/association-la-chaloupe\/"]}]},{"@type":"BreadcrumbList","@id":"https:\/\/lescaboteursdelune.fr\/index.php\/association-la-chaloupe\/#breadcrumb","itemListElement":[{"@type":"ListItem","position":1,"name":"Accueil","item":"https:\/\/lescaboteursdelune.fr\/"},{"@type":"ListItem","position":2,"name":"Association la Chaloupe"}]},{"@type":"WebSite","@id":"https:\/\/lescaboteursdelune.fr\/#website","url":"https:\/\/lescaboteursdelune.fr\/","name":"Les Caboteurs de Lune","description":"Comptoir de fret \u00e0 la voile","publisher":{"@id":"https:\/\/lescaboteursdelune.fr\/#organization"},"potentialAction":[{"@type":"SearchAction","target":{"@type":"EntryPoint","urlTemplate":"https:\/\/lescaboteursdelune.fr\/?s={search_term_string}"},"query-input":"required name=search_term_string"}],"inLanguage":"fr-FR"},{"@type":"Organization","@id":"https:\/\/lescaboteursdelune.fr\/#organization","name":"Les Caboteurs de Lune","url":"https:\/\/lescaboteursdelune.fr\/","logo":{"@type":"ImageObject","inLanguage":"fr-FR","@id":"https:\/\/lescaboteursdelune.fr\/#\/schema\/logo\/image\/","url":"https:\/\/lescaboteursdelune.fr\/wp-content\/uploads\/2018\/07\/logo_caboteur.jpg","contentUrl":"https:\/\/lescaboteursdelune.fr\/wp-content\/uploads\/2018\/07\/logo_caboteur.jpg","width":960,"height":960,"caption":"Les Caboteurs de Lune"},"image":{"@id":"https:\/\/lescaboteursdelune.fr\/#\/schema\/logo\/image\/"}}]}},"_links":{"self":[{"href":"https:\/\/lescaboteursdelune.fr\/index.php\/wp-json\/wp\/v2\/pages\/791","targetHints":{"allow":["GET"]}}],"collection":[{"href":"https:\/\/lescaboteursdelune.fr\/index.php\/wp-json\/wp\/v2\/pages"}],"about":[{"href":"https:\/\/lescaboteursdelune.fr\/index.php\/wp-json\/wp\/v2\/types\/page"}],"author":[{"embeddable":true,"href":"https:\/\/lescaboteursdelune.fr\/index.php\/wp-json\/wp\/v2\/users\/2"}],"replies":[{"embeddable":true,"href":"https:\/\/lescaboteursdelune.fr\/index.php\/wp-json\/wp\/v2\/comments?post=791"}],"version-history":[{"count":3,"href":"https:\/\/lescaboteursdelune.fr\/index.php\/wp-json\/wp\/v2\/pages\/791\/revisions"}],"predecessor-version":[{"id":1062,"href":"https:\/\/lescaboteursdelune.fr\/index.php\/wp-json\/wp\/v2\/pages\/791\/revisions\/1062"}],"wp:attachment":[{"href":"https:\/\/lescaboteursdelune.fr\/index.php\/wp-json\/wp\/v2\/media?parent=791"}],"curies":[{"name":"wp","href":"https:\/\/api.w.org\/{rel}","templated":true}]}}