{"id":779,"date":"2019-11-08T12:55:25","date_gmt":"2019-11-08T11:55:25","guid":{"rendered":"http:\/\/lescaboteursdelune.fr\/?page_id=779"},"modified":"2024-03-07T17:53:30","modified_gmt":"2024-03-07T16:53:30","slug":"cosa-ostra","status":"publish","type":"page","link":"https:\/\/lescaboteursdelune.fr\/index.php\/bessie-ellen\/flotte\/cosa-ostra\/","title":{"rendered":"Flotte Chaloupe"},"content":{"rendered":"\n<h5 class=\"wp-block-heading\">Utilis\u00e9e par les Caboteurs de Lune <\/h5>\n\n\n\n<h1 class=\"wp-block-heading\"><strong>Jeanne J<\/strong><\/h1>\n\n\n<div class=\"wp-block-image wp-image-59 size-medium\">\n<figure class=\"alignleft size-large is-resized\"><img loading=\"lazy\" decoding=\"async\" width=\"1024\" height=\"683\" src=\"http:\/\/lescaboteursdelune.fr\/wp-content\/uploads\/2024\/02\/Bateau-2-1024x683.jpg\" alt=\"\" class=\"wp-image-1317\" style=\"width:398px;height:auto\" srcset=\"https:\/\/lescaboteursdelune.fr\/wp-content\/uploads\/2024\/02\/Bateau-2-1024x683.jpg 1024w, https:\/\/lescaboteursdelune.fr\/wp-content\/uploads\/2024\/02\/Bateau-2-300x200.jpg 300w, https:\/\/lescaboteursdelune.fr\/wp-content\/uploads\/2024\/02\/Bateau-2-768x512.jpg 768w, https:\/\/lescaboteursdelune.fr\/wp-content\/uploads\/2024\/02\/Bateau-2-1536x1024.jpg 1536w, https:\/\/lescaboteursdelune.fr\/wp-content\/uploads\/2024\/02\/Bateau-2-2048x1366.jpg 2048w\" sizes=\"auto, (max-width: 1024px) 100vw, 1024px\" \/><\/figure><\/div>\n\n\n<p>La <em><a href=\"http:\/\/www.jeanne-j.org\" target=\"_blank\" rel=\"noreferrer noopener\">Jeanne J<\/a><\/em> est une r\u00e9plique des chalutiers de p\u00eache de la Baie de Bourgneuf, reconstruite en 2008 par <a href=\"https:\/\/www.chantierdesileaux.com\/\" target=\"_blank\" rel=\"noreferrer noopener\">le chantier des Ileaux<\/a> \u00e0 Noirmoutier.<\/p>\n\n\n\n<p>Rattach\u00e9e au port de Noirmoutier, la <em>Jeanne J<\/em> navigue de Brest \u00e0 La Rochelle, participant aux diff\u00e9rents rassemblement nautiques de la c\u00f4te Atlantique et <strong>sert \u00e0 notre association pour les livraisons de Pornic, Nantes et St Nazaire<\/strong>.<\/p>\n\n\n\n<h1 class=\"wp-block-heading\"><strong>Cosa Ostra<\/strong><\/h1>\n\n\n<div class=\"wp-block-image\">\n<figure class=\"alignleft size-large is-resized\"><img loading=\"lazy\" decoding=\"async\" width=\"1024\" height=\"768\" src=\"https:\/\/lescaboteursdelune.fr\/wp-content\/uploads\/2024\/02\/IMG_20190928_080355-2-1024x768.jpg\" alt=\"\" class=\"wp-image-1478\" style=\"width:401px;height:auto\" srcset=\"https:\/\/lescaboteursdelune.fr\/wp-content\/uploads\/2024\/02\/IMG_20190928_080355-2-1024x768.jpg 1024w, https:\/\/lescaboteursdelune.fr\/wp-content\/uploads\/2024\/02\/IMG_20190928_080355-2-300x225.jpg 300w, https:\/\/lescaboteursdelune.fr\/wp-content\/uploads\/2024\/02\/IMG_20190928_080355-2-768x576.jpg 768w, https:\/\/lescaboteursdelune.fr\/wp-content\/uploads\/2024\/02\/IMG_20190928_080355-2-1536x1152.jpg 1536w, https:\/\/lescaboteursdelune.fr\/wp-content\/uploads\/2024\/02\/IMG_20190928_080355-2-2048x1536.jpg 2048w\" sizes=\"auto, (max-width: 1024px) 100vw, 1024px\" \/><\/figure><\/div>\n\n\n<p>Le <em>Cosa Ostra<\/em> est construit en 2001 par l\u2019<strong>Association La Chaloupe<\/strong>&nbsp;\u00e0 Noirmoutier. <\/p>\n\n\n\n<p>Le nom du<em> Cosa Ostra<\/em> n\u2019a pas \u00e9t\u00e9 choisi par hasard, vous aurez s\u00fbrement reconnu le nom de la c\u00e9l\u00e8bre mafia sicilienne, la <em>Cosa Nostra<\/em>. Sans le <em>N<\/em>, <em>Ostra <\/em>fait directement r\u00e9f\u00e9rence au travail ostr\u00e9icole.<\/p>\n\n\n\n<p>Loin du calembour, le navire est une reconstitution des lasses ostr\u00e9icoles \u00e0 voiles qui arpentaient autrefois la Charente-Maritime. Ces bateaux ont \u00e9t\u00e9 import\u00e9 dans les ann\u00e9es 1940 dans la Baie de Bourgneuf, \u00e0 Noirmoutier-en-l\u2019\u00eele, et se sont depuis implant\u00e9s dans le patrimoine local.<\/p>\n\n\n\n<p>Sa mise \u00e0 l\u2019eau a d\u2019ailleurs \u00e9t\u00e9 effectu\u00e9e \u00e0 l\u2019occasion d\u2019une f\u00eate\u2026 des hu\u00eetres !<\/p>\n\n\n\n<p><strong>Il est utilis\u00e9 par les Caboteurs de Lune car id\u00e9al pour pratiquer les \u00e9tiers des Pays de Monts gr\u00e2ce \u00e0 son faible tirant d&rsquo;eau.<\/strong><\/p>\n\n\n\n<figure class=\"wp-block-image\"><img loading=\"lazy\" decoding=\"async\" width=\"768\" height=\"512\" src=\"https:\/\/lescaboteursdelune.fr\/wp-content\/uploads\/2024\/02\/alpha-cosa-ostra-bidule-768x512-1.jpg\" alt=\"\" class=\"wp-image-1475\" srcset=\"https:\/\/lescaboteursdelune.fr\/wp-content\/uploads\/2024\/02\/alpha-cosa-ostra-bidule-768x512-1.jpg 768w, https:\/\/lescaboteursdelune.fr\/wp-content\/uploads\/2024\/02\/alpha-cosa-ostra-bidule-768x512-1-300x200.jpg 300w\" sizes=\"auto, (max-width: 768px) 100vw, 768px\" \/><figcaption class=\"wp-element-caption\">Cosa Ostra en compagnie de autres bateaux appartenant \u00e0 l&rsquo;association la Chaloupe (\u00ab\u00a0Alpha\u00a0\u00bb \u00e0 gauche et \u00ab\u00a0Bidule\u00a0\u00bb \u00e0 droite).<\/figcaption><\/figure>\n","protected":false},"excerpt":{"rendered":"<p>Utilis\u00e9e par les Caboteurs de Lune Jeanne J La Jeanne J est une r\u00e9plique des chalutiers de p\u00eache de la Baie de Bourgneuf, reconstruite en 2008 par le chantier des Ileaux \u00e0 Noirmoutier. Rattach\u00e9e au port de Noirmoutier, la Jeanne J navigue de Brest \u00e0 La Rochelle, participant aux diff\u00e9rents rassemblement nautiques de la c\u00f4te&hellip; <a href=\"https:\/\/lescaboteursdelune.fr\/index.php\/bessie-ellen\/flotte\/cosa-ostra\/\" class=\"more-link\">Lire la suite <span class=\"screen-reader-text\">Flotte Chaloupe<\/span><\/a><\/p>\n","protected":false},"author":2,"featured_media":1879,"parent":58,"menu_order":0,"comment_status":"closed","ping_status":"closed","template":"","meta":{"footnotes":""},"class_list":["post-779","page","type-page","status-publish","has-post-thumbnail","hentry","with-featured-image"],"yoast_head":"<!-- This site is optimized with the Yoast SEO plugin v21.8.1 - https:\/\/yoast.com\/wordpress\/plugins\/seo\/ -->\n<title>Flotte Chaloupe - Les Caboteurs de Lune<\/title>\n<meta name=\"description\" content=\"Les Caboteurs de Lune association promotion Fret \u00e0 la Voile Noirmoutier Vend\u00e9e\" \/>\n<meta name=\"robots\" content=\"index, follow, max-snippet:-1, max-image-preview:large, max-video-preview:-1\" \/>\n<link rel=\"canonical\" href=\"https:\/\/lescaboteursdelune.fr\/index.php\/bessie-ellen\/flotte\/cosa-ostra\/\" \/>\n<meta property=\"og:locale\" content=\"fr_FR\" \/>\n<meta property=\"og:type\" content=\"article\" \/>\n<meta property=\"og:title\" content=\"Flotte Chaloupe - Les Caboteurs de Lune\" \/>\n<meta property=\"og:description\" content=\"Les Caboteurs de Lune association promotion Fret \u00e0 la Voile Noirmoutier Vend\u00e9e\" \/>\n<meta property=\"og:url\" content=\"https:\/\/lescaboteursdelune.fr\/index.php\/bessie-ellen\/flotte\/cosa-ostra\/\" \/>\n<meta property=\"og:site_name\" content=\"Les Caboteurs de Lune\" \/>\n<meta property=\"article:modified_time\" content=\"2024-03-07T16:53:30+00:00\" \/>\n<meta property=\"og:image\" content=\"http:\/\/lescaboteursdelune.fr\/wp-content\/uploads\/2024\/03\/IMG_0067FB-1144x555-1.jpg\" \/>\n\t<meta property=\"og:image:width\" content=\"1144\" \/>\n\t<meta property=\"og:image:height\" content=\"555\" \/>\n\t<meta property=\"og:image:type\" content=\"image\/jpeg\" \/>\n<meta name=\"twitter:card\" content=\"summary_large_image\" \/>\n<meta name=\"twitter:label1\" content=\"Dur\u00e9e de lecture estim\u00e9e\" \/>\n\t<meta name=\"twitter:data1\" content=\"2 minutes\" \/>\n<script type=\"application\/ld+json\" class=\"yoast-schema-graph\">{\"@context\":\"https:\/\/schema.org\",\"@graph\":[{\"@type\":\"WebPage\",\"@id\":\"https:\/\/lescaboteursdelune.fr\/index.php\/bessie-ellen\/flotte\/cosa-ostra\/\",\"url\":\"https:\/\/lescaboteursdelune.fr\/index.php\/bessie-ellen\/flotte\/cosa-ostra\/\",\"name\":\"Flotte Chaloupe - Les Caboteurs de Lune\",\"isPartOf\":{\"@id\":\"https:\/\/lescaboteursdelune.fr\/#website\"},\"datePublished\":\"2019-11-08T11:55:25+00:00\",\"dateModified\":\"2024-03-07T16:53:30+00:00\",\"description\":\"Les Caboteurs de Lune association promotion Fret \u00e0 la Voile Noirmoutier Vend\u00e9e\",\"breadcrumb\":{\"@id\":\"https:\/\/lescaboteursdelune.fr\/index.php\/bessie-ellen\/flotte\/cosa-ostra\/#breadcrumb\"},\"inLanguage\":\"fr-FR\",\"potentialAction\":[{\"@type\":\"ReadAction\",\"target\":[\"https:\/\/lescaboteursdelune.fr\/index.php\/bessie-ellen\/flotte\/cosa-ostra\/\"]}]},{\"@type\":\"BreadcrumbList\",\"@id\":\"https:\/\/lescaboteursdelune.fr\/index.php\/bessie-ellen\/flotte\/cosa-ostra\/#breadcrumb\",\"itemListElement\":[{\"@type\":\"ListItem\",\"position\":1,\"name\":\"Accueil\",\"item\":\"https:\/\/lescaboteursdelune.fr\/\"},{\"@type\":\"ListItem\",\"position\":2,\"name\":\"Bessie Ellen\",\"item\":\"https:\/\/lescaboteursdelune.fr\/?page_id=543\"},{\"@type\":\"ListItem\",\"position\":3,\"name\":\"Flotte\",\"item\":\"https:\/\/lescaboteursdelune.fr\/?page_id=58\"},{\"@type\":\"ListItem\",\"position\":4,\"name\":\"Flotte Chaloupe\"}]},{\"@type\":\"WebSite\",\"@id\":\"https:\/\/lescaboteursdelune.fr\/#website\",\"url\":\"https:\/\/lescaboteursdelune.fr\/\",\"name\":\"Les Caboteurs de Lune\",\"description\":\"Comptoir de fret \u00e0 la voile\",\"publisher\":{\"@id\":\"https:\/\/lescaboteursdelune.fr\/#organization\"},\"potentialAction\":[{\"@type\":\"SearchAction\",\"target\":{\"@type\":\"EntryPoint\",\"urlTemplate\":\"https:\/\/lescaboteursdelune.fr\/?s={search_term_string}\"},\"query-input\":\"required name=search_term_string\"}],\"inLanguage\":\"fr-FR\"},{\"@type\":\"Organization\",\"@id\":\"https:\/\/lescaboteursdelune.fr\/#organization\",\"name\":\"Les Caboteurs de Lune\",\"url\":\"https:\/\/lescaboteursdelune.fr\/\",\"logo\":{\"@type\":\"ImageObject\",\"inLanguage\":\"fr-FR\",\"@id\":\"https:\/\/lescaboteursdelune.fr\/#\/schema\/logo\/image\/\",\"url\":\"https:\/\/lescaboteursdelune.fr\/wp-content\/uploads\/2018\/07\/logo_caboteur.jpg\",\"contentUrl\":\"https:\/\/lescaboteursdelune.fr\/wp-content\/uploads\/2018\/07\/logo_caboteur.jpg\",\"width\":960,\"height\":960,\"caption\":\"Les Caboteurs de Lune\"},\"image\":{\"@id\":\"https:\/\/lescaboteursdelune.fr\/#\/schema\/logo\/image\/\"}}]}<\/script>\n<!-- \/ Yoast SEO plugin. -->","yoast_head_json":{"title":"Flotte Chaloupe - Les Caboteurs de Lune","description":"Les Caboteurs de Lune association promotion Fret \u00e0 la Voile Noirmoutier Vend\u00e9e","robots":{"index":"index","follow":"follow","max-snippet":"max-snippet:-1","max-image-preview":"max-image-preview:large","max-video-preview":"max-video-preview:-1"},"canonical":"https:\/\/lescaboteursdelune.fr\/index.php\/bessie-ellen\/flotte\/cosa-ostra\/","og_locale":"fr_FR","og_type":"article","og_title":"Flotte Chaloupe - Les Caboteurs de Lune","og_description":"Les Caboteurs de Lune association promotion Fret \u00e0 la Voile Noirmoutier Vend\u00e9e","og_url":"https:\/\/lescaboteursdelune.fr\/index.php\/bessie-ellen\/flotte\/cosa-ostra\/","og_site_name":"Les Caboteurs de Lune","article_modified_time":"2024-03-07T16:53:30+00:00","og_image":[{"width":1144,"height":555,"url":"http:\/\/lescaboteursdelune.fr\/wp-content\/uploads\/2024\/03\/IMG_0067FB-1144x555-1.jpg","type":"image\/jpeg"}],"twitter_card":"summary_large_image","twitter_misc":{"Dur\u00e9e de lecture estim\u00e9e":"2 minutes"},"schema":{"@context":"https:\/\/schema.org","@graph":[{"@type":"WebPage","@id":"https:\/\/lescaboteursdelune.fr\/index.php\/bessie-ellen\/flotte\/cosa-ostra\/","url":"https:\/\/lescaboteursdelune.fr\/index.php\/bessie-ellen\/flotte\/cosa-ostra\/","name":"Flotte Chaloupe - Les Caboteurs de Lune","isPartOf":{"@id":"https:\/\/lescaboteursdelune.fr\/#website"},"datePublished":"2019-11-08T11:55:25+00:00","dateModified":"2024-03-07T16:53:30+00:00","description":"Les Caboteurs de Lune association promotion Fret \u00e0 la Voile Noirmoutier Vend\u00e9e","breadcrumb":{"@id":"https:\/\/lescaboteursdelune.fr\/index.php\/bessie-ellen\/flotte\/cosa-ostra\/#breadcrumb"},"inLanguage":"fr-FR","potentialAction":[{"@type":"ReadAction","target":["https:\/\/lescaboteursdelune.fr\/index.php\/bessie-ellen\/flotte\/cosa-ostra\/"]}]},{"@type":"BreadcrumbList","@id":"https:\/\/lescaboteursdelune.fr\/index.php\/bessie-ellen\/flotte\/cosa-ostra\/#breadcrumb","itemListElement":[{"@type":"ListItem","position":1,"name":"Accueil","item":"https:\/\/lescaboteursdelune.fr\/"},{"@type":"ListItem","position":2,"name":"Bessie Ellen","item":"https:\/\/lescaboteursdelune.fr\/?page_id=543"},{"@type":"ListItem","position":3,"name":"Flotte","item":"https:\/\/lescaboteursdelune.fr\/?page_id=58"},{"@type":"ListItem","position":4,"name":"Flotte Chaloupe"}]},{"@type":"WebSite","@id":"https:\/\/lescaboteursdelune.fr\/#website","url":"https:\/\/lescaboteursdelune.fr\/","name":"Les Caboteurs de Lune","description":"Comptoir de fret \u00e0 la voile","publisher":{"@id":"https:\/\/lescaboteursdelune.fr\/#organization"},"potentialAction":[{"@type":"SearchAction","target":{"@type":"EntryPoint","urlTemplate":"https:\/\/lescaboteursdelune.fr\/?s={search_term_string}"},"query-input":"required name=search_term_string"}],"inLanguage":"fr-FR"},{"@type":"Organization","@id":"https:\/\/lescaboteursdelune.fr\/#organization","name":"Les Caboteurs de Lune","url":"https:\/\/lescaboteursdelune.fr\/","logo":{"@type":"ImageObject","inLanguage":"fr-FR","@id":"https:\/\/lescaboteursdelune.fr\/#\/schema\/logo\/image\/","url":"https:\/\/lescaboteursdelune.fr\/wp-content\/uploads\/2018\/07\/logo_caboteur.jpg","contentUrl":"https:\/\/lescaboteursdelune.fr\/wp-content\/uploads\/2018\/07\/logo_caboteur.jpg","width":960,"height":960,"caption":"Les Caboteurs de Lune"},"image":{"@id":"https:\/\/lescaboteursdelune.fr\/#\/schema\/logo\/image\/"}}]}},"_links":{"self":[{"href":"https:\/\/lescaboteursdelune.fr\/index.php\/wp-json\/wp\/v2\/pages\/779","targetHints":{"allow":["GET"]}}],"collection":[{"href":"https:\/\/lescaboteursdelune.fr\/index.php\/wp-json\/wp\/v2\/pages"}],"about":[{"href":"https:\/\/lescaboteursdelune.fr\/index.php\/wp-json\/wp\/v2\/types\/page"}],"author":[{"embeddable":true,"href":"https:\/\/lescaboteursdelune.fr\/index.php\/wp-json\/wp\/v2\/users\/2"}],"replies":[{"embeddable":true,"href":"https:\/\/lescaboteursdelune.fr\/index.php\/wp-json\/wp\/v2\/comments?post=779"}],"version-history":[{"count":7,"href":"https:\/\/lescaboteursdelune.fr\/index.php\/wp-json\/wp\/v2\/pages\/779\/revisions"}],"predecessor-version":[{"id":1876,"href":"https:\/\/lescaboteursdelune.fr\/index.php\/wp-json\/wp\/v2\/pages\/779\/revisions\/1876"}],"up":[{"embeddable":true,"href":"https:\/\/lescaboteursdelune.fr\/index.php\/wp-json\/wp\/v2\/pages\/58"}],"wp:featuredmedia":[{"embeddable":true,"href":"https:\/\/lescaboteursdelune.fr\/index.php\/wp-json\/wp\/v2\/media\/1879"}],"wp:attachment":[{"href":"https:\/\/lescaboteursdelune.fr\/index.php\/wp-json\/wp\/v2\/media?parent=779"}],"curies":[{"name":"wp","href":"https:\/\/api.w.org\/{rel}","templated":true}]}}