{"id":766,"date":"2019-09-27T11:54:01","date_gmt":"2019-09-27T09:54:01","guid":{"rendered":"http:\/\/lescaboteursdelune.fr\/?page_id=766"},"modified":"2025-07-27T21:11:48","modified_gmt":"2025-07-27T19:11:48","slug":"carte","status":"publish","type":"page","link":"https:\/\/lescaboteursdelune.fr\/index.php\/carte\/","title":{"rendered":"Carte"},"content":{"rendered":"\n<p>En navigant sur cette carte vous trouverez les diff\u00e9rents endroits o\u00f9 nos produits sont achemin\u00e9s par nos clients ainsi que les ports desservies gr\u00e2ce aux bateaux de l&rsquo;<a href=\"http:\/\/lescaboteursdelune.fr\/index.php\/association-la-chaloupe\/\">association la Chaloupe<\/a>. <\/p>\n\n\n\n<p>En nous communicant votre code postal lors de votre commande, vous nous aiderez \u00e0 alimenter cette carte qui a pour but de mutualiser les d\u00e9placements.                                                Il serait dommage de participer et de soutenir la d\u00e9marche du transport de marchandise \u00e0 la voile qui \u00e9met peu (ou pas) de gaz carbon\u00e9 et quand m\u00eame faire plusieurs dizaines de kilom\u00e8tres seul dans sa voiture pour venir chercher ses produits!<\/p>\n\n\n\n<p>Lors de<a href=\"http:\/\/lescaboteursdelune.fr\/index.php\/contact\/\"> votre commande<\/a> n&rsquo;h\u00e9sitez pas \u00e0 nous faire savoir si vous d\u00e9sirez \u00eatre mis en contact avec un client de votre commune et nous nous efforcerons de trouver quelqu&rsquo;un venant \u00e0 Noirmoutier o\u00f9 dans l&rsquo;un des autres ports qui pourrait transporter votre commande en rentrant chez lui! <\/p>\n\n\n\n<p>Nous nous engageons \u00e9videment \u00e0 ce que les code postaux restent anonyme et le contact entre deux clients ne sera \u00e9tablie qu&rsquo;avec l&rsquo;accord des deux int\u00e9ress\u00e9s.<\/p>\n\n\n\n<html>\n  <head>\n  \r\n    <meta charset=\"UTF-8\">\r\n    <script src=\"https:\/\/ajax.googleapis.com\/ajax\/libs\/jquery\/3.4.1\/jquery.min.js\"><\/script>\r\n    <style>\r\n      #map {\r\n        width: 100%;\r\n        height: 400px;\r\n        background-color: grey;\r\n      }\r\n      #legend {\r\n        font-family: Arial, sans-serif;\r\n        background: #fff;\r\n        padding: 10px;\r\n        margin: 10px;\r\n        border: 3px solid #000;\r\n      }\r\n      #legend h4 {\r\n        margin-top: 0;\r\n      }\r\n      #legend img {\r\n        vertical-align: middle;\r\n      }\r\n      #legend td {\r\n        width: 40%;\r\n      }\r\n      .testIcon{\r\n        text-shadow:1px 1px 2px pink;\r\n      }\r\n    <\/style>\r\n\r\n\r\n <script>\r\n\r\n  var iconBase = 'https:\/\/lescaboteursdelune.fr\/maps\/img\/';\r\n  var icons = {\r\n\r\n    commande: {\r\n      name: 'commandes',\r\n      icon: iconBase + 'icon_caboteur_light.png'\r\n    },\r\n    port: {\r\n      name: 'Port desservis',\r\n      icon: iconBase + 'icon_bateau.png',\r\n      utilise : false,\r\n      icons: {\r\n        gallant : {\r\n          icon : iconBase + 'icon_bateau.png',\r\n          utilise : false\r\n        },\r\n        ceb : {\r\n          icon : iconBase + 'icon_ceb.png',\r\n          utilise : false\r\n        },\r\n        tdlmb : {\r\n          icon : iconBase + 'icon_tdlmb.png',\r\n          utilise : false\r\n        },\r\n        jj : {\r\n          icon : iconBase + 'icon_jj.png',\r\n          utilise : false\r\n        },\r\n        oabandonado : {\r\n          icon : iconBase + 'icon_oabandonado.png',\r\n          utilise : false\r\n        },\r\n        lasse : {\r\n          icon : iconBase + 'icon_lasse.png',\r\n          utilise : false\r\n        }\r\n      }\r\n    },\r\n    autre: {\r\n      name: 'Autres campagne<br>(hors Caboteurs)',\r\n      icon: iconBase + 'icon_bateau.png',\r\n      utilise : false,\r\n      icons: {\r\n        gallant : {\r\n          icon : iconBase + 'icon_bateau.png',\r\n          utilise : false\r\n        },\r\n        venfret : {\r\n          icon : iconBase + 'icon_venfret.png',\r\n          utilise : false\r\n        }\r\n      }\r\n    }\r\n  };\r\n\r\n  \/\/ Create an array of alphabetical characters used to label the markers.\r\n  var labels = 'ABCDEFGHIJKLMNOPQRSTUVWXYZ';\r\n\r\n  var mcOptions = {\r\n            \/\/imagePath: 'https:\/\/googlemaps.github.io\/js-marker-clusterer\/images\/m',\r\n          styles:[{\r\n\r\n          url: 'https:\/\/lescaboteursdelune.fr\/maps\/img\/cluster\/m1.png',\r\n                width: 53,\r\n                height:53,\r\n                fontFamily:\"comic sans ms\",\r\n                textSize:15,\r\n                textColor:\"red\",\r\n                className: 'testIcon',\r\n          }],\r\n          imagePath: 'https:\/\/lescaboteursdelune.fr\/maps\/img\/cluster\/m'\r\n\r\n        };\r\n\r\n\r\n  var centrage = {lat: 46.9988, lng: -2.2457};\r\n\r\n  var locations;\r\n\r\n  var ports;\r\n\r\n  var autres;\r\n\r\n  var markers;\r\n\r\n  var markerCluster;\r\n\r\n  var map;\r\n\r\n  var routes;\r\n\r\n  function initIconesPortUtile(){\r\n    icons.port.utilise = false;\r\n    $.each(icons.port.icons, function(id,row){\r\n      row.utilise = false;\r\n    });\r\n  }\r\n\r\n  function initIconesAutrePortUtile(){\r\n    icons.autre.utilise = false;\r\n    $.each(icons.autre.icons, function(id,row){\r\n      row.utilise = false;\r\n    });\r\n  }\r\n\r\n  function changeCampagne(){\r\n    getData($(\"#selCampagne\").val());\r\n\r\n  }\r\n\r\n  function setCampagnes(){\r\n    $.getJSON('\/maps\/dataMap.php?type=campagnes', function(data){\r\n      $.each(data, function(id, row){\r\n        var o = new Option(row[1],row[2]);\r\n        \/\/\/ jquerify the DOM object 'o' so we can use the html method\r\n        $(o).html(row[1]);\r\n        $(\"#selCampagne\").append(o);\r\n      });\r\n      changeCampagne();\r\n    });\r\n  }\r\n  setCampagnes();\r\n\r\n  function changeLocations(){\r\n    locations=[{lng: -2.244, lat:47},{lng: -2.244, lat:47}];\r\n    initMap();\r\n  }\r\n\r\n  function setMarkers(){\r\n    if (undefined == locations){\r\n        return;\r\n    }\r\n    markers = locations.map(function(location, i) {\r\n          return new google.maps.Marker({\r\n            position: location,\r\n            icon:{\r\n              url: icons.commande.icon,\r\n              scaledSize: new google.maps.Size(32, 32),\r\n              anchor: new google.maps.Point(0, -16)\r\n            }\r\n          });\r\n        });\r\n    setMarkersClusterer();\r\n  }\r\n\r\n  function setMarkersClusterer(){\r\n    markerCluster = new MarkerClusterer(map, markers,\r\n            mcOptions);\r\n  }\r\n\r\n  function setMarkersPorts(){\r\n    initIconesPortUtile();\r\n    if (!Array.isArray(ports)){\r\n      return;\r\n    }\r\n    $.each(ports, function(id, row){\r\n      icons.port.icons[row.icon].utilise = true;\r\n      icons.port.utilise = true;\r\n      var img = {\r\n        url:icons.port.icons[row.icon].icon,\r\n        scaledSize: new google.maps.Size(64, 64),\r\n        anchor: new google.maps.Point(0, 48)\r\n      }\r\n      var marker = new google.maps.Marker({\r\n        position: {lng: row.lng, lat:row.lat},\r\n        icon:img,\r\n        map:map,\r\n        title:row.libelle,\r\n        url:row.url\r\n      });\r\n      if (row.url){\r\n        google.maps.event.addListener(marker, 'click', function() {\r\n          window.open(this.url);\r\n        });\r\n      }\r\n    });\r\n  }\r\n\r\n  function setMarkerAutrePorts(){\r\n    initIconesAutrePortUtile();\r\n    if (!Array.isArray(autres)){\r\n      return;\r\n    }\r\n    $.each(autres, function(id, row){\r\n      icons.autre.icons[row.icon].utilise = true;\r\n      icons.autre.utilise = true;\r\n      var marker = new google.maps.Marker({position: {lng: row.lng, lat:row.lat}, icon:icons.autre.icons[row.icon].icon, map:map, label:row.libelle, url:row.url});\r\n      if (row.url){\r\n        google.maps.event.addListener(marker, 'click', function() {\r\n          window.open(this.url);\r\n        });\r\n      }\r\n    });\r\n  }\r\n\r\n  function setRoutes(){\r\n\r\n    $.each(routes, function(id, row){\r\n      console.log(row.color)\r\n      var coord = JSON.stringify(row.coordonnees);\r\n      var flightPath = new google.maps.Polyline({\r\n        path: JSON.parse(coord),\r\n        geodesic: true,\r\n        strokeColor: row.color,\r\n        strokeOpacity: 1.0,\r\n        strokeWeight: 2,\r\n        map:map\r\n      });\r\n    });\r\n    \/\/ const flightPlanCoordinates = [\r\n    \/\/   { lat: 47, lng: -2.244 },\r\n    \/\/   { lat: 47.274, lng: -2.201 }\r\n    \/\/ ];\r\n\r\n    \/\/ flightPath.setMap(map);\r\n\r\n  }\r\n\r\n  function getData(campagne){\r\n    $.getJSON('\/maps\/dataMap.php?type=allMap&campagne='+campagne, function(data){\r\n      locations = data.locations;\r\n      ports = data.ports;\r\n      autres = data.autres;\r\n      centrage.lat = data.centrage.lat;\r\n      centrage.lng = data.centrage.lng;\r\n      routes = data.routes;\r\n      setMcOptions(data.icone);\r\n      \/\/setMarkersPorts();\r\n      initMap();\r\n    });\r\n  }\r\n\r\n  function setMcOptions(icone){\r\n    mcOptions = {\r\n            \/\/imagePath: 'https:\/\/googlemaps.github.io\/js-marker-clusterer\/images\/m',\r\n          styles:[{\r\n\r\n          url: 'https:\/\/lescaboteursdelune.fr\/maps\/img\/cluster\/'+icone+'\/m1.png',\r\n                width: 53,\r\n                height:53,\r\n                fontFamily:\"comic sans ms\",\r\n                textSize:15,\r\n                textColor:\"red\",\r\n                className: 'testIcon',\r\n          }],\r\n          imagePath: 'https:\/\/lescaboteursdelune.fr\/maps\/img\/cluster\/'+icone+'\/m'\r\n\r\n        };\r\n    icons.commande.icon = iconBase + 'cluster\/'+icone+'\/m1.png';\r\n  }\r\n\r\n  function initMap() {\r\n\r\n        map = new google.maps.Map(document.getElementById('map'), {\r\n          zoom: 8,\r\n          center: centrage\r\n        });\r\n\r\n\r\n        \/\/on ajoute manuellement les ports desservis :\r\n        \/\/new google.maps.Marker({position: {lng: -2.297, lat:47.026}, icon:icons.port.icon, map:map, label:\"l'Herbaudi\u00e8re\"});\/\/herbaudi\u00e8re\r\n        \/\/new google.maps.Marker({position: {lng: -2.1, lat:47.114}, icon:icons.port.icon, map:map, label:\"Pornic\"});\/\/Pornic\r\n        \/\/new google.maps.Marker({position: {lng: -2.11, lat:46.89}, icon:icons.port.icon, map:map, label:\"La Barre de Mont\"});\/\/Fromentine\r\n        \/\/new google.maps.Marker({position: {lng: -2.348, lat:46.728}, icon:icons.port.icon, map:map, label:\"Port Joinville\"});\/\/ile d'Yeu\r\n        setMarkersPorts();\r\n        setMarkerAutrePorts();\r\n        \/\/ Add some markers to the map.\r\n        \/\/ Note: The code uses the JavaScript Array.prototype.map() method to\r\n        \/\/ create an array of markers based on a given \"locations\" array.\r\n        \/\/ The map() method here has nothing to do with the Google Maps API.\r\n        setMarkers();\r\n\r\n        setRoutes();\r\n        initLegend();\r\n      }\r\n\r\n      function initLegend(){\r\n        var legend = document.getElementById('legend');\r\n        var legendTr = document.getElementById('legendTr');\r\n\r\n        legendTr.innerHTML = \"\";\r\n        for (var key in icons) {\r\n          var type = icons[key];\r\n          var name = type.name;\r\n          var icon = type.icon;\r\n          var div = document.createElement('td');\r\n          if (type.hasOwnProperty('utilise')){\r\n            if (!type.utilise){\r\n              continue;\r\n            }\r\n            div.innerHTML = '';\r\n            $.each(type.icons, function(id, row){\r\n              if (row.utilise){\r\n                div.innerHTML += '<img decoding=\"async\" src=\"' + row.icon + '\"> ';\r\n              }\r\n            });\r\n            div.innerHTML += name;\r\n          }else{\r\n            div.innerHTML = '<img decoding=\"async\" src=\"' + icon + '\"> ' + name;\r\n          }\r\n          \r\n          \r\n          legendTr.appendChild(div);\r\n        }\r\n        map.controls[google.maps.ControlPosition.BOTTOM_BOTTOM].push(legend);\r\n      }\r\n\r\n    <\/script>\r\n    <script src=\"https:\/\/developers.google.com\/maps\/documentation\/javascript\/examples\/markerclusterer\/markerclusterer.js\">\r\n    <\/script>\r\n\r\n\r\n    <script async defer\r\n    src=\"https:\/\/maps.googleapis.com\/maps\/api\/js?key=AIzaSyCFw6jk3GNdfNixRU1dcIo1yAxflUnoU0o&callback=initMap\">\r\n    <\/script>\n\n\n\n  <\/head>\n  <body>\n    <h3>R\u00e9partition des commandes. Campagne :  \n      <select id=\"selCampagne\" onchange=\"changeCampagne()\"><\/select>\n    <\/h3>\n    <!--r\u00e9cup\u00e9ration des codes postaux-->\n\n\n    <!--The div element for the map -->\n    <div id=\"map\"><\/div>\n    <div id=\"legend\"><h4>L\u00e9gende<\/h4><table><tr id=\"legendTr\"><\/tr><\/table><\/div>\n\n   \n  <\/body>\n<\/html>\n\n\n\n<p>Prochainement : la carte des ports 2025 !<\/p>\n","protected":false},"excerpt":{"rendered":"<p>En navigant sur cette carte vous trouverez les diff\u00e9rents endroits o\u00f9 nos produits sont achemin\u00e9s par nos clients ainsi que les ports desservies gr\u00e2ce aux bateaux de l&rsquo;association la Chaloupe. En nous communicant votre code postal lors de votre commande, vous nous aiderez \u00e0 alimenter cette carte qui a pour but de mutualiser les d\u00e9placements.&hellip; <a href=\"https:\/\/lescaboteursdelune.fr\/index.php\/carte\/\" class=\"more-link\">Lire la suite <span class=\"screen-reader-text\">Carte<\/span><\/a><\/p>\n","protected":false},"author":1,"featured_media":1335,"parent":0,"menu_order":0,"comment_status":"closed","ping_status":"closed","template":"","meta":{"footnotes":""},"class_list":["post-766","page","type-page","status-publish","has-post-thumbnail","hentry","with-featured-image"],"yoast_head":"<!-- This site is optimized with the Yoast SEO plugin v21.8.1 - https:\/\/yoast.com\/wordpress\/plugins\/seo\/ -->\n<title>Carte - Les Caboteurs de Lune<\/title>\n<meta name=\"description\" content=\"Les Caboteurs de Lune association promotion Fret \u00e0 la Voile Noirmoutier Vend\u00e9e\" \/>\n<meta name=\"robots\" content=\"index, follow, max-snippet:-1, max-image-preview:large, max-video-preview:-1\" \/>\n<link rel=\"canonical\" href=\"https:\/\/lescaboteursdelune.fr\/index.php\/carte\/\" \/>\n<meta property=\"og:locale\" content=\"fr_FR\" \/>\n<meta property=\"og:type\" content=\"article\" \/>\n<meta property=\"og:title\" content=\"Carte - Les Caboteurs de Lune\" \/>\n<meta property=\"og:description\" content=\"Les Caboteurs de Lune association promotion Fret \u00e0 la Voile Noirmoutier Vend\u00e9e\" \/>\n<meta property=\"og:url\" content=\"https:\/\/lescaboteursdelune.fr\/index.php\/carte\/\" \/>\n<meta property=\"og:site_name\" content=\"Les Caboteurs de Lune\" \/>\n<meta property=\"article:modified_time\" content=\"2025-07-27T19:11:48+00:00\" \/>\n<meta property=\"og:image\" content=\"http:\/\/lescaboteursdelune.fr\/wp-content\/uploads\/2024\/02\/Chaine-11.jpg\" \/>\n\t<meta property=\"og:image:width\" content=\"2000\" \/>\n\t<meta property=\"og:image:height\" content=\"1500\" \/>\n\t<meta property=\"og:image:type\" content=\"image\/jpeg\" \/>\n<meta name=\"twitter:card\" content=\"summary_large_image\" \/>\n<meta name=\"twitter:label1\" content=\"Dur\u00e9e de lecture estim\u00e9e\" \/>\n\t<meta name=\"twitter:data1\" content=\"2 minutes\" \/>\n<script type=\"application\/ld+json\" class=\"yoast-schema-graph\">{\"@context\":\"https:\/\/schema.org\",\"@graph\":[{\"@type\":\"WebPage\",\"@id\":\"https:\/\/lescaboteursdelune.fr\/index.php\/carte\/\",\"url\":\"https:\/\/lescaboteursdelune.fr\/index.php\/carte\/\",\"name\":\"Carte - Les Caboteurs de Lune\",\"isPartOf\":{\"@id\":\"https:\/\/lescaboteursdelune.fr\/#website\"},\"datePublished\":\"2019-09-27T09:54:01+00:00\",\"dateModified\":\"2025-07-27T19:11:48+00:00\",\"description\":\"Les Caboteurs de Lune association promotion Fret \u00e0 la Voile Noirmoutier Vend\u00e9e\",\"breadcrumb\":{\"@id\":\"https:\/\/lescaboteursdelune.fr\/index.php\/carte\/#breadcrumb\"},\"inLanguage\":\"fr-FR\",\"potentialAction\":[{\"@type\":\"ReadAction\",\"target\":[\"https:\/\/lescaboteursdelune.fr\/index.php\/carte\/\"]}]},{\"@type\":\"BreadcrumbList\",\"@id\":\"https:\/\/lescaboteursdelune.fr\/index.php\/carte\/#breadcrumb\",\"itemListElement\":[{\"@type\":\"ListItem\",\"position\":1,\"name\":\"Accueil\",\"item\":\"https:\/\/lescaboteursdelune.fr\/\"},{\"@type\":\"ListItem\",\"position\":2,\"name\":\"Carte\"}]},{\"@type\":\"WebSite\",\"@id\":\"https:\/\/lescaboteursdelune.fr\/#website\",\"url\":\"https:\/\/lescaboteursdelune.fr\/\",\"name\":\"Les Caboteurs de Lune\",\"description\":\"Comptoir de fret \u00e0 la voile\",\"publisher\":{\"@id\":\"https:\/\/lescaboteursdelune.fr\/#organization\"},\"potentialAction\":[{\"@type\":\"SearchAction\",\"target\":{\"@type\":\"EntryPoint\",\"urlTemplate\":\"https:\/\/lescaboteursdelune.fr\/?s={search_term_string}\"},\"query-input\":\"required name=search_term_string\"}],\"inLanguage\":\"fr-FR\"},{\"@type\":\"Organization\",\"@id\":\"https:\/\/lescaboteursdelune.fr\/#organization\",\"name\":\"Les Caboteurs de Lune\",\"url\":\"https:\/\/lescaboteursdelune.fr\/\",\"logo\":{\"@type\":\"ImageObject\",\"inLanguage\":\"fr-FR\",\"@id\":\"https:\/\/lescaboteursdelune.fr\/#\/schema\/logo\/image\/\",\"url\":\"https:\/\/lescaboteursdelune.fr\/wp-content\/uploads\/2018\/07\/logo_caboteur.jpg\",\"contentUrl\":\"https:\/\/lescaboteursdelune.fr\/wp-content\/uploads\/2018\/07\/logo_caboteur.jpg\",\"width\":960,\"height\":960,\"caption\":\"Les Caboteurs de Lune\"},\"image\":{\"@id\":\"https:\/\/lescaboteursdelune.fr\/#\/schema\/logo\/image\/\"}}]}<\/script>\n<!-- \/ Yoast SEO plugin. -->","yoast_head_json":{"title":"Carte - Les Caboteurs de Lune","description":"Les Caboteurs de Lune association promotion Fret \u00e0 la Voile Noirmoutier Vend\u00e9e","robots":{"index":"index","follow":"follow","max-snippet":"max-snippet:-1","max-image-preview":"max-image-preview:large","max-video-preview":"max-video-preview:-1"},"canonical":"https:\/\/lescaboteursdelune.fr\/index.php\/carte\/","og_locale":"fr_FR","og_type":"article","og_title":"Carte - Les Caboteurs de Lune","og_description":"Les Caboteurs de Lune association promotion Fret \u00e0 la Voile Noirmoutier Vend\u00e9e","og_url":"https:\/\/lescaboteursdelune.fr\/index.php\/carte\/","og_site_name":"Les Caboteurs de Lune","article_modified_time":"2025-07-27T19:11:48+00:00","og_image":[{"width":2000,"height":1500,"url":"http:\/\/lescaboteursdelune.fr\/wp-content\/uploads\/2024\/02\/Chaine-11.jpg","type":"image\/jpeg"}],"twitter_card":"summary_large_image","twitter_misc":{"Dur\u00e9e de lecture estim\u00e9e":"2 minutes"},"schema":{"@context":"https:\/\/schema.org","@graph":[{"@type":"WebPage","@id":"https:\/\/lescaboteursdelune.fr\/index.php\/carte\/","url":"https:\/\/lescaboteursdelune.fr\/index.php\/carte\/","name":"Carte - Les Caboteurs de Lune","isPartOf":{"@id":"https:\/\/lescaboteursdelune.fr\/#website"},"datePublished":"2019-09-27T09:54:01+00:00","dateModified":"2025-07-27T19:11:48+00:00","description":"Les Caboteurs de Lune association promotion Fret \u00e0 la Voile Noirmoutier Vend\u00e9e","breadcrumb":{"@id":"https:\/\/lescaboteursdelune.fr\/index.php\/carte\/#breadcrumb"},"inLanguage":"fr-FR","potentialAction":[{"@type":"ReadAction","target":["https:\/\/lescaboteursdelune.fr\/index.php\/carte\/"]}]},{"@type":"BreadcrumbList","@id":"https:\/\/lescaboteursdelune.fr\/index.php\/carte\/#breadcrumb","itemListElement":[{"@type":"ListItem","position":1,"name":"Accueil","item":"https:\/\/lescaboteursdelune.fr\/"},{"@type":"ListItem","position":2,"name":"Carte"}]},{"@type":"WebSite","@id":"https:\/\/lescaboteursdelune.fr\/#website","url":"https:\/\/lescaboteursdelune.fr\/","name":"Les Caboteurs de Lune","description":"Comptoir de fret \u00e0 la voile","publisher":{"@id":"https:\/\/lescaboteursdelune.fr\/#organization"},"potentialAction":[{"@type":"SearchAction","target":{"@type":"EntryPoint","urlTemplate":"https:\/\/lescaboteursdelune.fr\/?s={search_term_string}"},"query-input":"required name=search_term_string"}],"inLanguage":"fr-FR"},{"@type":"Organization","@id":"https:\/\/lescaboteursdelune.fr\/#organization","name":"Les Caboteurs de Lune","url":"https:\/\/lescaboteursdelune.fr\/","logo":{"@type":"ImageObject","inLanguage":"fr-FR","@id":"https:\/\/lescaboteursdelune.fr\/#\/schema\/logo\/image\/","url":"https:\/\/lescaboteursdelune.fr\/wp-content\/uploads\/2018\/07\/logo_caboteur.jpg","contentUrl":"https:\/\/lescaboteursdelune.fr\/wp-content\/uploads\/2018\/07\/logo_caboteur.jpg","width":960,"height":960,"caption":"Les Caboteurs de Lune"},"image":{"@id":"https:\/\/lescaboteursdelune.fr\/#\/schema\/logo\/image\/"}}]}},"_links":{"self":[{"href":"https:\/\/lescaboteursdelune.fr\/index.php\/wp-json\/wp\/v2\/pages\/766","targetHints":{"allow":["GET"]}}],"collection":[{"href":"https:\/\/lescaboteursdelune.fr\/index.php\/wp-json\/wp\/v2\/pages"}],"about":[{"href":"https:\/\/lescaboteursdelune.fr\/index.php\/wp-json\/wp\/v2\/types\/page"}],"author":[{"embeddable":true,"href":"https:\/\/lescaboteursdelune.fr\/index.php\/wp-json\/wp\/v2\/users\/1"}],"replies":[{"embeddable":true,"href":"https:\/\/lescaboteursdelune.fr\/index.php\/wp-json\/wp\/v2\/comments?post=766"}],"version-history":[{"count":14,"href":"https:\/\/lescaboteursdelune.fr\/index.php\/wp-json\/wp\/v2\/pages\/766\/revisions"}],"predecessor-version":[{"id":1909,"href":"https:\/\/lescaboteursdelune.fr\/index.php\/wp-json\/wp\/v2\/pages\/766\/revisions\/1909"}],"wp:featuredmedia":[{"embeddable":true,"href":"https:\/\/lescaboteursdelune.fr\/index.php\/wp-json\/wp\/v2\/media\/1335"}],"wp:attachment":[{"href":"https:\/\/lescaboteursdelune.fr\/index.php\/wp-json\/wp\/v2\/media?parent=766"}],"curies":[{"name":"wp","href":"https:\/\/api.w.org\/{rel}","templated":true}]}}