{"id":598,"date":"2019-09-23T16:51:49","date_gmt":"2019-09-23T14:51:49","guid":{"rendered":"http:\/\/lescaboteursdelune.fr\/?page_id=598"},"modified":"2024-03-06T23:11:33","modified_gmt":"2024-03-06T22:11:33","slug":"comment-ca-marche","status":"publish","type":"page","link":"https:\/\/lescaboteursdelune.fr\/index.php\/comment-ca-marche\/","title":{"rendered":"Comment \u00e7a marche?!"},"content":{"rendered":"\n<p>Les produits transport\u00e9s \u00e0 la voile que nous proposons sont disponibles de deux mani\u00e8res:<\/p>\n\n\n\n<ul class=\"wp-block-list\">\n<li> En vente directement au bateau lors de son arriv\u00e9e. <\/li>\n\n\n\n<li> En pr\u00e9 commandant via notre adresse mail contact@lescaboteursdelune.fr <\/li>\n<\/ul>\n\n\n\n<p>Pour recevoir la brochure des produits lors d\u2019une nouvelle campagne rien de plus simple! Rendez vous dans l&rsquo;onglet <a href=\"https:\/\/lescaboteursdelune.fr\/index.php\/contact\/\" target=\"_blank\" rel=\"noreferrer noopener\">Contact<\/a> du site afin de nous communiquer vos coordonn\u00e9es  compl\u00e8tes afin que nous puissions vous ajouter \u00e0 notre liste de \u00ab&nbsp;Cab&rsquo;acheteurs&nbsp;\u00bb.<\/p>\n\n\n<div class=\"wp-block-image\">\n<figure class=\"alignleft size-large is-resized\"><img loading=\"lazy\" decoding=\"async\" width=\"1024\" height=\"690\" src=\"http:\/\/lescaboteursdelune.fr\/wp-content\/uploads\/2024\/02\/Dechargement-8-1024x690.jpg\" alt=\"\" class=\"wp-image-1340\" style=\"aspect-ratio:1.488135593220339;width:341px;height:auto\" srcset=\"https:\/\/lescaboteursdelune.fr\/wp-content\/uploads\/2024\/02\/Dechargement-8-1024x690.jpg 1024w, https:\/\/lescaboteursdelune.fr\/wp-content\/uploads\/2024\/02\/Dechargement-8-300x202.jpg 300w, https:\/\/lescaboteursdelune.fr\/wp-content\/uploads\/2024\/02\/Dechargement-8-768x517.jpg 768w, https:\/\/lescaboteursdelune.fr\/wp-content\/uploads\/2024\/02\/Dechargement-8-1536x1035.jpg 1536w, https:\/\/lescaboteursdelune.fr\/wp-content\/uploads\/2024\/02\/Dechargement-8-2048x1380.jpg 2048w, https:\/\/lescaboteursdelune.fr\/wp-content\/uploads\/2024\/02\/Dechargement-8-360x242.jpg 360w\" sizes=\"auto, (max-width: 1024px) 100vw, 1024px\" \/><\/figure><\/div>\n\n\n<p class=\"has-white-color has-blue-background-color has-text-color has-background has-link-color wp-elements-57707df60290a52ffbed67c6a50cdb44\">A l&rsquo;annonce d&rsquo;une nouvelle campagne de pr\u00e9commande vous recevrez le catalogue des produits disponibles, passez ensuite votre commande par mail. Tous les d\u00e9tails de paiement et infos utiles sont indiqu\u00e9s \u00e0 la fin de la brochure de la campagne.<\/p>\n\n\n\n<p><\/p>\n\n\n\n<p>Vous pouvez suivre ensuite l\u2019avanc\u00e9e du bateau via nos mails, notre <a href=\"https:\/\/www.facebook.com\/LesCaboteursdeLuneNoirmoutier\" target=\"_blank\" rel=\"noreferrer noopener\">page Facebook<\/a> ou sur <a href=\"https:\/\/www.marinetraffic.com\/en\/ais\/home\/centerx:-12.0\/centery:25.0\/zoom:4\" target=\"_blank\" rel=\"noreferrer noopener\">le site Marine Traffic.<\/a><\/p>\n\n\n\n<p>Le jour J, rendez vous au d\u00e9chargement participatif, r\u00e9cup\u00e9rez vos produits et partagez avec nous et l\u2019\u00e9quipage un repas festif.<\/p>\n\n\n\n<p>En partenariat avec l&rsquo;association noirmoutrine \u00ab\u00a0<a href=\"https:\/\/lescaboteursdelune.fr\/index.php\/partenaires\/\" target=\"_blank\" rel=\"noreferrer noopener\">La Chaloupe<\/a>\u00a0\u00bb nous organisons la livraison \u00e0 la voile des marchandises. Sont desservis Pornic, La Barre de Mont, St Nazaire, Nantes, Redon et l\u2019\u00eele d\u2019Yeu avec d\u2019<a href=\"https:\/\/lescaboteursdelune.fr\/index.php\/bessie-ellen\/flotte\/cosa-ostra\/\" target=\"_blank\" rel=\"noreferrer noopener\">autres bateaux<\/a> en fonction des commandes.<\/p>\n\n\n\n<p>En cliquant sur <a href=\"https:\/\/lescaboteursdelune.fr\/index.php\/carte\/\" target=\"_blank\" rel=\"noreferrer noopener\">ce lien<\/a>, vous pouvez retrouver nos points de livraison ainsi que les destinations o\u00f9 nos produits sont achemin\u00e9s par tous les Cab&rsquo;acheteurs \ud83d\ude09<\/p>\n\n\n\n<figure class=\"wp-block-gallery has-nested-images columns-4 is-cropped wp-block-gallery-1 is-layout-flex wp-block-gallery-is-layout-flex\">\n<figure data-wp-context=\"{&quot;imageId&quot;:&quot;69e73812f22ca&quot;}\" data-wp-interactive=\"core\/image\" class=\"wp-block-image size-full wp-lightbox-container\"><img loading=\"lazy\" decoding=\"async\" width=\"1749\" height=\"2481\" data-wp-class--hide=\"state.isContentHidden\" data-wp-class--show=\"state.isContentVisible\" data-wp-init=\"callbacks.setButtonStyles\" data-wp-on-async--click=\"actions.showLightbox\" data-wp-on-async--load=\"callbacks.setButtonStyles\" data-wp-on-async-window--resize=\"callbacks.setButtonStyles\" data-id=\"1574\" src=\"https:\/\/lescaboteursdelune.fr\/wp-content\/uploads\/2024\/02\/fleyr-caboteurs-LOGO-NOIR-version-WEB.compressed-1_page-0001.jpg\" alt=\"\" class=\"wp-image-1574\" srcset=\"https:\/\/lescaboteursdelune.fr\/wp-content\/uploads\/2024\/02\/fleyr-caboteurs-LOGO-NOIR-version-WEB.compressed-1_page-0001.jpg 1749w, https:\/\/lescaboteursdelune.fr\/wp-content\/uploads\/2024\/02\/fleyr-caboteurs-LOGO-NOIR-version-WEB.compressed-1_page-0001-211x300.jpg 211w, https:\/\/lescaboteursdelune.fr\/wp-content\/uploads\/2024\/02\/fleyr-caboteurs-LOGO-NOIR-version-WEB.compressed-1_page-0001-722x1024.jpg 722w, https:\/\/lescaboteursdelune.fr\/wp-content\/uploads\/2024\/02\/fleyr-caboteurs-LOGO-NOIR-version-WEB.compressed-1_page-0001-768x1089.jpg 768w, https:\/\/lescaboteursdelune.fr\/wp-content\/uploads\/2024\/02\/fleyr-caboteurs-LOGO-NOIR-version-WEB.compressed-1_page-0001-1083x1536.jpg 1083w, https:\/\/lescaboteursdelune.fr\/wp-content\/uploads\/2024\/02\/fleyr-caboteurs-LOGO-NOIR-version-WEB.compressed-1_page-0001-1444x2048.jpg 1444w\" sizes=\"auto, (max-width: 1749px) 100vw, 1749px\" \/><button\n\t\t\tclass=\"lightbox-trigger\"\n\t\t\ttype=\"button\"\n\t\t\taria-haspopup=\"dialog\"\n\t\t\taria-label=\"Agrandir\"\n\t\t\tdata-wp-init=\"callbacks.initTriggerButton\"\n\t\t\tdata-wp-on-async--click=\"actions.showLightbox\"\n\t\t\tdata-wp-style--right=\"state.imageButtonRight\"\n\t\t\tdata-wp-style--top=\"state.imageButtonTop\"\n\t\t>\n\t\t\t<svg xmlns=\"http:\/\/www.w3.org\/2000\/svg\" width=\"12\" height=\"12\" fill=\"none\" viewBox=\"0 0 12 12\">\n\t\t\t\t<path fill=\"#fff\" d=\"M2 0a2 2 0 0 0-2 2v2h1.5V2a.5.5 0 0 1 .5-.5h2V0H2Zm2 10.5H2a.5.5 0 0 1-.5-.5V8H0v2a2 2 0 0 0 2 2h2v-1.5ZM8 12v-1.5h2a.5.5 0 0 0 .5-.5V8H12v2a2 2 0 0 1-2 2H8Zm2-12a2 2 0 0 1 2 2v2h-1.5V2a.5.5 0 0 0-.5-.5H8V0h2Z\" \/>\n\t\t\t<\/svg>\n\t\t<\/button><\/figure>\n\n\n\n<figure data-wp-context=\"{&quot;imageId&quot;:&quot;69e73812f297e&quot;}\" data-wp-interactive=\"core\/image\" class=\"wp-block-image size-full wp-lightbox-container\"><img loading=\"lazy\" decoding=\"async\" width=\"1749\" height=\"2481\" data-wp-class--hide=\"state.isContentHidden\" data-wp-class--show=\"state.isContentVisible\" data-wp-init=\"callbacks.setButtonStyles\" data-wp-on-async--click=\"actions.showLightbox\" data-wp-on-async--load=\"callbacks.setButtonStyles\" data-wp-on-async-window--resize=\"callbacks.setButtonStyles\" data-id=\"1572\" src=\"https:\/\/lescaboteursdelune.fr\/wp-content\/uploads\/2024\/02\/fleyr-caboteurs-LOGO-NOIR-version-WEB.compressed-2_page-0001.jpg\" alt=\"\" class=\"wp-image-1572\" srcset=\"https:\/\/lescaboteursdelune.fr\/wp-content\/uploads\/2024\/02\/fleyr-caboteurs-LOGO-NOIR-version-WEB.compressed-2_page-0001.jpg 1749w, https:\/\/lescaboteursdelune.fr\/wp-content\/uploads\/2024\/02\/fleyr-caboteurs-LOGO-NOIR-version-WEB.compressed-2_page-0001-211x300.jpg 211w, https:\/\/lescaboteursdelune.fr\/wp-content\/uploads\/2024\/02\/fleyr-caboteurs-LOGO-NOIR-version-WEB.compressed-2_page-0001-722x1024.jpg 722w, https:\/\/lescaboteursdelune.fr\/wp-content\/uploads\/2024\/02\/fleyr-caboteurs-LOGO-NOIR-version-WEB.compressed-2_page-0001-768x1089.jpg 768w, https:\/\/lescaboteursdelune.fr\/wp-content\/uploads\/2024\/02\/fleyr-caboteurs-LOGO-NOIR-version-WEB.compressed-2_page-0001-1083x1536.jpg 1083w, https:\/\/lescaboteursdelune.fr\/wp-content\/uploads\/2024\/02\/fleyr-caboteurs-LOGO-NOIR-version-WEB.compressed-2_page-0001-1444x2048.jpg 1444w\" sizes=\"auto, (max-width: 1749px) 100vw, 1749px\" \/><button\n\t\t\tclass=\"lightbox-trigger\"\n\t\t\ttype=\"button\"\n\t\t\taria-haspopup=\"dialog\"\n\t\t\taria-label=\"Agrandir\"\n\t\t\tdata-wp-init=\"callbacks.initTriggerButton\"\n\t\t\tdata-wp-on-async--click=\"actions.showLightbox\"\n\t\t\tdata-wp-style--right=\"state.imageButtonRight\"\n\t\t\tdata-wp-style--top=\"state.imageButtonTop\"\n\t\t>\n\t\t\t<svg xmlns=\"http:\/\/www.w3.org\/2000\/svg\" width=\"12\" height=\"12\" fill=\"none\" viewBox=\"0 0 12 12\">\n\t\t\t\t<path fill=\"#fff\" d=\"M2 0a2 2 0 0 0-2 2v2h1.5V2a.5.5 0 0 1 .5-.5h2V0H2Zm2 10.5H2a.5.5 0 0 1-.5-.5V8H0v2a2 2 0 0 0 2 2h2v-1.5ZM8 12v-1.5h2a.5.5 0 0 0 .5-.5V8H12v2a2 2 0 0 1-2 2H8Zm2-12a2 2 0 0 1 2 2v2h-1.5V2a.5.5 0 0 0-.5-.5H8V0h2Z\" \/>\n\t\t\t<\/svg>\n\t\t<\/button><\/figure>\n\n\n\n<figure data-wp-context=\"{&quot;imageId&quot;:&quot;69e73812f3019&quot;}\" data-wp-interactive=\"core\/image\" class=\"wp-block-image size-full wp-lightbox-container\"><img loading=\"lazy\" decoding=\"async\" width=\"1749\" height=\"2481\" data-wp-class--hide=\"state.isContentHidden\" data-wp-class--show=\"state.isContentVisible\" data-wp-init=\"callbacks.setButtonStyles\" data-wp-on-async--click=\"actions.showLightbox\" data-wp-on-async--load=\"callbacks.setButtonStyles\" data-wp-on-async-window--resize=\"callbacks.setButtonStyles\" data-id=\"1573\" src=\"https:\/\/lescaboteursdelune.fr\/wp-content\/uploads\/2024\/02\/fleyr-caboteurs-LOGO-NOIR-version-WEB.compressed-3_page-0001.jpg\" alt=\"\" class=\"wp-image-1573\" srcset=\"https:\/\/lescaboteursdelune.fr\/wp-content\/uploads\/2024\/02\/fleyr-caboteurs-LOGO-NOIR-version-WEB.compressed-3_page-0001.jpg 1749w, https:\/\/lescaboteursdelune.fr\/wp-content\/uploads\/2024\/02\/fleyr-caboteurs-LOGO-NOIR-version-WEB.compressed-3_page-0001-211x300.jpg 211w, https:\/\/lescaboteursdelune.fr\/wp-content\/uploads\/2024\/02\/fleyr-caboteurs-LOGO-NOIR-version-WEB.compressed-3_page-0001-722x1024.jpg 722w, https:\/\/lescaboteursdelune.fr\/wp-content\/uploads\/2024\/02\/fleyr-caboteurs-LOGO-NOIR-version-WEB.compressed-3_page-0001-768x1089.jpg 768w, https:\/\/lescaboteursdelune.fr\/wp-content\/uploads\/2024\/02\/fleyr-caboteurs-LOGO-NOIR-version-WEB.compressed-3_page-0001-1083x1536.jpg 1083w, https:\/\/lescaboteursdelune.fr\/wp-content\/uploads\/2024\/02\/fleyr-caboteurs-LOGO-NOIR-version-WEB.compressed-3_page-0001-1444x2048.jpg 1444w\" sizes=\"auto, (max-width: 1749px) 100vw, 1749px\" \/><button\n\t\t\tclass=\"lightbox-trigger\"\n\t\t\ttype=\"button\"\n\t\t\taria-haspopup=\"dialog\"\n\t\t\taria-label=\"Agrandir\"\n\t\t\tdata-wp-init=\"callbacks.initTriggerButton\"\n\t\t\tdata-wp-on-async--click=\"actions.showLightbox\"\n\t\t\tdata-wp-style--right=\"state.imageButtonRight\"\n\t\t\tdata-wp-style--top=\"state.imageButtonTop\"\n\t\t>\n\t\t\t<svg xmlns=\"http:\/\/www.w3.org\/2000\/svg\" width=\"12\" height=\"12\" fill=\"none\" viewBox=\"0 0 12 12\">\n\t\t\t\t<path fill=\"#fff\" d=\"M2 0a2 2 0 0 0-2 2v2h1.5V2a.5.5 0 0 1 .5-.5h2V0H2Zm2 10.5H2a.5.5 0 0 1-.5-.5V8H0v2a2 2 0 0 0 2 2h2v-1.5ZM8 12v-1.5h2a.5.5 0 0 0 .5-.5V8H12v2a2 2 0 0 1-2 2H8Zm2-12a2 2 0 0 1 2 2v2h-1.5V2a.5.5 0 0 0-.5-.5H8V0h2Z\" \/>\n\t\t\t<\/svg>\n\t\t<\/button><\/figure>\n\n\n\n<figure data-wp-context=\"{&quot;imageId&quot;:&quot;69e73812f361f&quot;}\" data-wp-interactive=\"core\/image\" class=\"wp-block-image size-full wp-lightbox-container\"><img loading=\"lazy\" decoding=\"async\" width=\"1749\" height=\"2481\" data-wp-class--hide=\"state.isContentHidden\" data-wp-class--show=\"state.isContentVisible\" data-wp-init=\"callbacks.setButtonStyles\" data-wp-on-async--click=\"actions.showLightbox\" data-wp-on-async--load=\"callbacks.setButtonStyles\" data-wp-on-async-window--resize=\"callbacks.setButtonStyles\" data-id=\"1576\" src=\"https:\/\/lescaboteursdelune.fr\/wp-content\/uploads\/2024\/02\/fleyr-caboteurs-LOGO-NOIR-version-WEB.compressed-4_page-0001-1-rotated.jpg\" alt=\"\" class=\"wp-image-1576\" srcset=\"https:\/\/lescaboteursdelune.fr\/wp-content\/uploads\/2024\/02\/fleyr-caboteurs-LOGO-NOIR-version-WEB.compressed-4_page-0001-1-rotated.jpg 1749w, https:\/\/lescaboteursdelune.fr\/wp-content\/uploads\/2024\/02\/fleyr-caboteurs-LOGO-NOIR-version-WEB.compressed-4_page-0001-1-211x300.jpg 211w, https:\/\/lescaboteursdelune.fr\/wp-content\/uploads\/2024\/02\/fleyr-caboteurs-LOGO-NOIR-version-WEB.compressed-4_page-0001-1-722x1024.jpg 722w, https:\/\/lescaboteursdelune.fr\/wp-content\/uploads\/2024\/02\/fleyr-caboteurs-LOGO-NOIR-version-WEB.compressed-4_page-0001-1-768x1089.jpg 768w, https:\/\/lescaboteursdelune.fr\/wp-content\/uploads\/2024\/02\/fleyr-caboteurs-LOGO-NOIR-version-WEB.compressed-4_page-0001-1-1083x1536.jpg 1083w, https:\/\/lescaboteursdelune.fr\/wp-content\/uploads\/2024\/02\/fleyr-caboteurs-LOGO-NOIR-version-WEB.compressed-4_page-0001-1-1444x2048.jpg 1444w\" sizes=\"auto, (max-width: 1749px) 100vw, 1749px\" \/><button\n\t\t\tclass=\"lightbox-trigger\"\n\t\t\ttype=\"button\"\n\t\t\taria-haspopup=\"dialog\"\n\t\t\taria-label=\"Agrandir\"\n\t\t\tdata-wp-init=\"callbacks.initTriggerButton\"\n\t\t\tdata-wp-on-async--click=\"actions.showLightbox\"\n\t\t\tdata-wp-style--right=\"state.imageButtonRight\"\n\t\t\tdata-wp-style--top=\"state.imageButtonTop\"\n\t\t>\n\t\t\t<svg xmlns=\"http:\/\/www.w3.org\/2000\/svg\" width=\"12\" height=\"12\" fill=\"none\" viewBox=\"0 0 12 12\">\n\t\t\t\t<path fill=\"#fff\" d=\"M2 0a2 2 0 0 0-2 2v2h1.5V2a.5.5 0 0 1 .5-.5h2V0H2Zm2 10.5H2a.5.5 0 0 1-.5-.5V8H0v2a2 2 0 0 0 2 2h2v-1.5ZM8 12v-1.5h2a.5.5 0 0 0 .5-.5V8H12v2a2 2 0 0 1-2 2H8Zm2-12a2 2 0 0 1 2 2v2h-1.5V2a.5.5 0 0 0-.5-.5H8V0h2Z\" \/>\n\t\t\t<\/svg>\n\t\t<\/button><\/figure>\n<\/figure>\n","protected":false},"excerpt":{"rendered":"<p>Les produits transport\u00e9s \u00e0 la voile que nous proposons sont disponibles de deux mani\u00e8res: Pour recevoir la brochure des produits lors d\u2019une nouvelle campagne rien de plus simple! Rendez vous dans l&rsquo;onglet Contact du site afin de nous communiquer vos coordonn\u00e9es compl\u00e8tes afin que nous puissions vous ajouter \u00e0 notre liste de \u00ab&nbsp;Cab&rsquo;acheteurs&nbsp;\u00bb. A l&rsquo;annonce&hellip; <a href=\"https:\/\/lescaboteursdelune.fr\/index.php\/comment-ca-marche\/\" class=\"more-link\">Lire la suite <span class=\"screen-reader-text\">Comment \u00e7a marche?!<\/span><\/a><\/p>\n","protected":false},"author":2,"featured_media":1344,"parent":0,"menu_order":0,"comment_status":"closed","ping_status":"closed","template":"","meta":{"footnotes":""},"class_list":["post-598","page","type-page","status-publish","has-post-thumbnail","hentry","with-featured-image"],"yoast_head":"<!-- This site is optimized with the Yoast SEO plugin v21.8.1 - https:\/\/yoast.com\/wordpress\/plugins\/seo\/ -->\n<title>Comment \u00e7a marche?! - Les Caboteurs de Lune<\/title>\n<meta name=\"description\" content=\"Les Caboteurs de Lune association promotion Fret \u00e0 la Voile Noirmoutier Vend\u00e9e\" \/>\n<meta name=\"robots\" content=\"index, follow, max-snippet:-1, max-image-preview:large, max-video-preview:-1\" \/>\n<link rel=\"canonical\" href=\"https:\/\/lescaboteursdelune.fr\/index.php\/comment-ca-marche\/\" \/>\n<meta property=\"og:locale\" content=\"fr_FR\" \/>\n<meta property=\"og:type\" content=\"article\" \/>\n<meta property=\"og:title\" content=\"Comment \u00e7a marche?! - Les Caboteurs de Lune\" \/>\n<meta property=\"og:description\" content=\"Les Caboteurs de Lune association promotion Fret \u00e0 la Voile Noirmoutier Vend\u00e9e\" \/>\n<meta property=\"og:url\" content=\"https:\/\/lescaboteursdelune.fr\/index.php\/comment-ca-marche\/\" \/>\n<meta property=\"og:site_name\" content=\"Les Caboteurs de Lune\" \/>\n<meta property=\"article:modified_time\" content=\"2024-03-06T22:11:33+00:00\" \/>\n<meta property=\"og:image\" content=\"http:\/\/lescaboteursdelune.fr\/wp-content\/uploads\/2024\/02\/Dechargement-scaled.jpg\" \/>\n\t<meta property=\"og:image:width\" content=\"2560\" \/>\n\t<meta property=\"og:image:height\" content=\"1440\" \/>\n\t<meta property=\"og:image:type\" content=\"image\/jpeg\" \/>\n<meta name=\"twitter:card\" content=\"summary_large_image\" \/>\n<meta name=\"twitter:label1\" content=\"Dur\u00e9e de lecture estim\u00e9e\" \/>\n\t<meta name=\"twitter:data1\" content=\"3 minutes\" \/>\n<script type=\"application\/ld+json\" class=\"yoast-schema-graph\">{\"@context\":\"https:\/\/schema.org\",\"@graph\":[{\"@type\":\"WebPage\",\"@id\":\"https:\/\/lescaboteursdelune.fr\/index.php\/comment-ca-marche\/\",\"url\":\"https:\/\/lescaboteursdelune.fr\/index.php\/comment-ca-marche\/\",\"name\":\"Comment \u00e7a marche?! - Les Caboteurs de Lune\",\"isPartOf\":{\"@id\":\"https:\/\/lescaboteursdelune.fr\/#website\"},\"datePublished\":\"2019-09-23T14:51:49+00:00\",\"dateModified\":\"2024-03-06T22:11:33+00:00\",\"description\":\"Les Caboteurs de Lune association promotion Fret \u00e0 la Voile Noirmoutier Vend\u00e9e\",\"breadcrumb\":{\"@id\":\"https:\/\/lescaboteursdelune.fr\/index.php\/comment-ca-marche\/#breadcrumb\"},\"inLanguage\":\"fr-FR\",\"potentialAction\":[{\"@type\":\"ReadAction\",\"target\":[\"https:\/\/lescaboteursdelune.fr\/index.php\/comment-ca-marche\/\"]}]},{\"@type\":\"BreadcrumbList\",\"@id\":\"https:\/\/lescaboteursdelune.fr\/index.php\/comment-ca-marche\/#breadcrumb\",\"itemListElement\":[{\"@type\":\"ListItem\",\"position\":1,\"name\":\"Accueil\",\"item\":\"https:\/\/lescaboteursdelune.fr\/\"},{\"@type\":\"ListItem\",\"position\":2,\"name\":\"Comment \u00e7a marche?!\"}]},{\"@type\":\"WebSite\",\"@id\":\"https:\/\/lescaboteursdelune.fr\/#website\",\"url\":\"https:\/\/lescaboteursdelune.fr\/\",\"name\":\"Les Caboteurs de Lune\",\"description\":\"Comptoir de fret \u00e0 la voile\",\"publisher\":{\"@id\":\"https:\/\/lescaboteursdelune.fr\/#organization\"},\"potentialAction\":[{\"@type\":\"SearchAction\",\"target\":{\"@type\":\"EntryPoint\",\"urlTemplate\":\"https:\/\/lescaboteursdelune.fr\/?s={search_term_string}\"},\"query-input\":\"required name=search_term_string\"}],\"inLanguage\":\"fr-FR\"},{\"@type\":\"Organization\",\"@id\":\"https:\/\/lescaboteursdelune.fr\/#organization\",\"name\":\"Les Caboteurs de Lune\",\"url\":\"https:\/\/lescaboteursdelune.fr\/\",\"logo\":{\"@type\":\"ImageObject\",\"inLanguage\":\"fr-FR\",\"@id\":\"https:\/\/lescaboteursdelune.fr\/#\/schema\/logo\/image\/\",\"url\":\"https:\/\/lescaboteursdelune.fr\/wp-content\/uploads\/2018\/07\/logo_caboteur.jpg\",\"contentUrl\":\"https:\/\/lescaboteursdelune.fr\/wp-content\/uploads\/2018\/07\/logo_caboteur.jpg\",\"width\":960,\"height\":960,\"caption\":\"Les Caboteurs de Lune\"},\"image\":{\"@id\":\"https:\/\/lescaboteursdelune.fr\/#\/schema\/logo\/image\/\"}}]}<\/script>\n<!-- \/ Yoast SEO plugin. -->","yoast_head_json":{"title":"Comment \u00e7a marche?! - Les Caboteurs de Lune","description":"Les Caboteurs de Lune association promotion Fret \u00e0 la Voile Noirmoutier Vend\u00e9e","robots":{"index":"index","follow":"follow","max-snippet":"max-snippet:-1","max-image-preview":"max-image-preview:large","max-video-preview":"max-video-preview:-1"},"canonical":"https:\/\/lescaboteursdelune.fr\/index.php\/comment-ca-marche\/","og_locale":"fr_FR","og_type":"article","og_title":"Comment \u00e7a marche?! - Les Caboteurs de Lune","og_description":"Les Caboteurs de Lune association promotion Fret \u00e0 la Voile Noirmoutier Vend\u00e9e","og_url":"https:\/\/lescaboteursdelune.fr\/index.php\/comment-ca-marche\/","og_site_name":"Les Caboteurs de Lune","article_modified_time":"2024-03-06T22:11:33+00:00","og_image":[{"width":2560,"height":1440,"url":"http:\/\/lescaboteursdelune.fr\/wp-content\/uploads\/2024\/02\/Dechargement-scaled.jpg","type":"image\/jpeg"}],"twitter_card":"summary_large_image","twitter_misc":{"Dur\u00e9e de lecture estim\u00e9e":"3 minutes"},"schema":{"@context":"https:\/\/schema.org","@graph":[{"@type":"WebPage","@id":"https:\/\/lescaboteursdelune.fr\/index.php\/comment-ca-marche\/","url":"https:\/\/lescaboteursdelune.fr\/index.php\/comment-ca-marche\/","name":"Comment \u00e7a marche?! - Les Caboteurs de Lune","isPartOf":{"@id":"https:\/\/lescaboteursdelune.fr\/#website"},"datePublished":"2019-09-23T14:51:49+00:00","dateModified":"2024-03-06T22:11:33+00:00","description":"Les Caboteurs de Lune association promotion Fret \u00e0 la Voile Noirmoutier Vend\u00e9e","breadcrumb":{"@id":"https:\/\/lescaboteursdelune.fr\/index.php\/comment-ca-marche\/#breadcrumb"},"inLanguage":"fr-FR","potentialAction":[{"@type":"ReadAction","target":["https:\/\/lescaboteursdelune.fr\/index.php\/comment-ca-marche\/"]}]},{"@type":"BreadcrumbList","@id":"https:\/\/lescaboteursdelune.fr\/index.php\/comment-ca-marche\/#breadcrumb","itemListElement":[{"@type":"ListItem","position":1,"name":"Accueil","item":"https:\/\/lescaboteursdelune.fr\/"},{"@type":"ListItem","position":2,"name":"Comment \u00e7a marche?!"}]},{"@type":"WebSite","@id":"https:\/\/lescaboteursdelune.fr\/#website","url":"https:\/\/lescaboteursdelune.fr\/","name":"Les Caboteurs de Lune","description":"Comptoir de fret \u00e0 la voile","publisher":{"@id":"https:\/\/lescaboteursdelune.fr\/#organization"},"potentialAction":[{"@type":"SearchAction","target":{"@type":"EntryPoint","urlTemplate":"https:\/\/lescaboteursdelune.fr\/?s={search_term_string}"},"query-input":"required name=search_term_string"}],"inLanguage":"fr-FR"},{"@type":"Organization","@id":"https:\/\/lescaboteursdelune.fr\/#organization","name":"Les Caboteurs de Lune","url":"https:\/\/lescaboteursdelune.fr\/","logo":{"@type":"ImageObject","inLanguage":"fr-FR","@id":"https:\/\/lescaboteursdelune.fr\/#\/schema\/logo\/image\/","url":"https:\/\/lescaboteursdelune.fr\/wp-content\/uploads\/2018\/07\/logo_caboteur.jpg","contentUrl":"https:\/\/lescaboteursdelune.fr\/wp-content\/uploads\/2018\/07\/logo_caboteur.jpg","width":960,"height":960,"caption":"Les Caboteurs de Lune"},"image":{"@id":"https:\/\/lescaboteursdelune.fr\/#\/schema\/logo\/image\/"}}]}},"_links":{"self":[{"href":"https:\/\/lescaboteursdelune.fr\/index.php\/wp-json\/wp\/v2\/pages\/598","targetHints":{"allow":["GET"]}}],"collection":[{"href":"https:\/\/lescaboteursdelune.fr\/index.php\/wp-json\/wp\/v2\/pages"}],"about":[{"href":"https:\/\/lescaboteursdelune.fr\/index.php\/wp-json\/wp\/v2\/types\/page"}],"author":[{"embeddable":true,"href":"https:\/\/lescaboteursdelune.fr\/index.php\/wp-json\/wp\/v2\/users\/2"}],"replies":[{"embeddable":true,"href":"https:\/\/lescaboteursdelune.fr\/index.php\/wp-json\/wp\/v2\/comments?post=598"}],"version-history":[{"count":11,"href":"https:\/\/lescaboteursdelune.fr\/index.php\/wp-json\/wp\/v2\/pages\/598\/revisions"}],"predecessor-version":[{"id":1585,"href":"https:\/\/lescaboteursdelune.fr\/index.php\/wp-json\/wp\/v2\/pages\/598\/revisions\/1585"}],"wp:featuredmedia":[{"embeddable":true,"href":"https:\/\/lescaboteursdelune.fr\/index.php\/wp-json\/wp\/v2\/media\/1344"}],"wp:attachment":[{"href":"https:\/\/lescaboteursdelune.fr\/index.php\/wp-json\/wp\/v2\/media?parent=598"}],"curies":[{"name":"wp","href":"https:\/\/api.w.org\/{rel}","templated":true}]}}