{"id":1725,"date":"2024-03-06T18:05:00","date_gmt":"2024-03-06T17:05:00","guid":{"rendered":"https:\/\/lescaboteursdelune.fr\/?page_id=1725"},"modified":"2024-03-06T21:32:27","modified_gmt":"2024-03-06T20:32:27","slug":"la-chaloupe","status":"publish","type":"page","link":"https:\/\/lescaboteursdelune.fr\/index.php\/la-chaloupe\/","title":{"rendered":"La Chaloupe"},"content":{"rendered":"\n<p><strong>Transporteur de notre association <\/strong><\/p>\n\n\n\n<div class=\"wp-block-media-text is-stacked-on-mobile is-image-fill has-white-color has-blue-background-color has-text-color has-background has-link-color wp-elements-dfee123ff8fdd3d421dc5968075de1b2\" style=\"grid-template-columns:40% auto\"><figure class=\"wp-block-media-text__media\" style=\"background-image:url(http:\/\/lescaboteursdelune.fr\/wp-content\/uploads\/2019\/11\/287836_453031578091959_30588793_o.jpg);background-position:50% 50%\"><img loading=\"lazy\" decoding=\"async\" width=\"960\" height=\"960\" src=\"http:\/\/lescaboteursdelune.fr\/wp-content\/uploads\/2019\/11\/287836_453031578091959_30588793_o.jpg\" alt=\"\" class=\"wp-image-790 size-full\" srcset=\"https:\/\/lescaboteursdelune.fr\/wp-content\/uploads\/2019\/11\/287836_453031578091959_30588793_o.jpg 960w, https:\/\/lescaboteursdelune.fr\/wp-content\/uploads\/2019\/11\/287836_453031578091959_30588793_o-150x150.jpg 150w, https:\/\/lescaboteursdelune.fr\/wp-content\/uploads\/2019\/11\/287836_453031578091959_30588793_o-300x300.jpg 300w, https:\/\/lescaboteursdelune.fr\/wp-content\/uploads\/2019\/11\/287836_453031578091959_30588793_o-768x768.jpg 768w, https:\/\/lescaboteursdelune.fr\/wp-content\/uploads\/2019\/11\/287836_453031578091959_30588793_o-180x180.jpg 180w\" sizes=\"auto, (max-width: 960px) 100vw, 960px\" \/><\/figure><div class=\"wp-block-media-text__content\">\n<p><\/p>\n\n\n\n<h2 class=\"wp-block-heading\"><strong><a href=\"https:\/\/www.google.fr\/maps\/place\/Association+La+Chaloupe+-+boutique\/@46.9988786,-2.2492818,17z\/data=!3m1!4b1!4m6!3m5!1s0x4805176904176d13:0x687a0625a001157e!8m2!3d46.998875!4d-2.2444109!16s%2Fg%2F11ts0vr48t?entry=ttu\" target=\"_blank\" rel=\"noreferrer noopener\">France<\/a><\/strong> \ud83d\udccc<\/h2>\n\n\n\n<p>Cette <strong>association<\/strong> de pr\u00e9servation du patrimoine maritime b\u00e2ti et flottant s\u2019est d\u00e9velopp\u00e9 dans les ann\u00e9es 80 a pour objectif de faire perdurer l\u2019engouement pour les vieux gr\u00e9ements par la restauration de petites unit\u00e9s, la navigation sur celles-ci et le partage du savoir faire artisanal des m\u00e9tiers de la mer.<\/p>\n\n\n\n<p>Elle organise notamment le festival maritime des R\u00e9gate du bois de la Chaise tous les ans depuis sa cr\u00e9ation.<\/p>\n\n\n\n<p><a href=\"https:\/\/www.associationlachaloupe.org\/\" target=\"_blank\" rel=\"noreferrer noopener\">https:\/\/www.associationlachaloupe.org\/<\/a><\/p>\n\n\n\n<p><\/p>\n<\/div><\/div>\n\n\n\n<p><\/p>\n\n\n\n<h3 class=\"wp-block-heading has-white-color has-dark-gray-background-color has-text-color has-background has-link-color wp-elements-9da23c2a270d1b101bc1bf52c094abba\">Elle est aussi notre meilleure partenaire car cette association met \u00e0 disposition certains bateaux de sa <a href=\"https:\/\/lescaboteursdelune.fr\/index.php\/bessie-ellen\/flotte\/cosa-ostra\/\" target=\"_blank\" rel=\"noreferrer noopener\"><strong>flotte<\/strong><\/a> afin que nous puissions assurer nos \u00ab&nbsp;livraisons au plus pr\u00e8s&nbsp;\u00bb. Sont ainsi, gr\u00e2ce \u00e0 elle, desservies les ports des abords de la Baie de Bourgneuf, de Nantes et de St Nazaire.<\/h3>\n","protected":false},"excerpt":{"rendered":"<p>Transporteur de notre association France \ud83d\udccc Cette association de pr\u00e9servation du patrimoine maritime b\u00e2ti et flottant s\u2019est d\u00e9velopp\u00e9 dans les ann\u00e9es 80 a pour objectif de faire perdurer l\u2019engouement pour les vieux gr\u00e9ements par la restauration de petites unit\u00e9s, la navigation sur celles-ci et le partage du savoir faire artisanal des m\u00e9tiers de la mer.&hellip; <a href=\"https:\/\/lescaboteursdelune.fr\/index.php\/la-chaloupe\/\" class=\"more-link\">Lire la suite <span class=\"screen-reader-text\">La Chaloupe<\/span><\/a><\/p>\n","protected":false},"author":2,"featured_media":0,"parent":0,"menu_order":0,"comment_status":"closed","ping_status":"closed","template":"","meta":{"footnotes":""},"class_list":["post-1725","page","type-page","status-publish","hentry","without-featured-image"],"yoast_head":"<!-- This site is optimized with the Yoast SEO plugin v21.8.1 - https:\/\/yoast.com\/wordpress\/plugins\/seo\/ -->\n<title>La Chaloupe - Les Caboteurs de Lune<\/title>\n<meta name=\"description\" content=\"Les Caboteurs de Lune association promotion Fret \u00e0 la Voile Noirmoutier Vend\u00e9e\" \/>\n<meta name=\"robots\" content=\"index, follow, max-snippet:-1, max-image-preview:large, max-video-preview:-1\" \/>\n<link rel=\"canonical\" href=\"https:\/\/lescaboteursdelune.fr\/index.php\/la-chaloupe\/\" \/>\n<meta property=\"og:locale\" content=\"fr_FR\" \/>\n<meta property=\"og:type\" content=\"article\" \/>\n<meta property=\"og:title\" content=\"La Chaloupe - Les Caboteurs de Lune\" \/>\n<meta property=\"og:description\" content=\"Les Caboteurs de Lune association promotion Fret \u00e0 la Voile Noirmoutier Vend\u00e9e\" \/>\n<meta property=\"og:url\" content=\"https:\/\/lescaboteursdelune.fr\/index.php\/la-chaloupe\/\" \/>\n<meta property=\"og:site_name\" content=\"Les Caboteurs de Lune\" \/>\n<meta property=\"article:modified_time\" content=\"2024-03-06T20:32:27+00:00\" \/>\n<meta property=\"og:image\" content=\"http:\/\/lescaboteursdelune.fr\/wp-content\/uploads\/2019\/11\/287836_453031578091959_30588793_o.jpg\" \/>\n<meta name=\"twitter:card\" content=\"summary_large_image\" \/>\n<meta name=\"twitter:label1\" content=\"Dur\u00e9e de lecture estim\u00e9e\" \/>\n\t<meta name=\"twitter:data1\" content=\"1 minute\" \/>\n<script type=\"application\/ld+json\" class=\"yoast-schema-graph\">{\"@context\":\"https:\/\/schema.org\",\"@graph\":[{\"@type\":\"WebPage\",\"@id\":\"https:\/\/lescaboteursdelune.fr\/index.php\/la-chaloupe\/\",\"url\":\"https:\/\/lescaboteursdelune.fr\/index.php\/la-chaloupe\/\",\"name\":\"La Chaloupe - Les Caboteurs de Lune\",\"isPartOf\":{\"@id\":\"https:\/\/lescaboteursdelune.fr\/#website\"},\"datePublished\":\"2024-03-06T17:05:00+00:00\",\"dateModified\":\"2024-03-06T20:32:27+00:00\",\"description\":\"Les Caboteurs de Lune association promotion Fret \u00e0 la Voile Noirmoutier Vend\u00e9e\",\"breadcrumb\":{\"@id\":\"https:\/\/lescaboteursdelune.fr\/index.php\/la-chaloupe\/#breadcrumb\"},\"inLanguage\":\"fr-FR\",\"potentialAction\":[{\"@type\":\"ReadAction\",\"target\":[\"https:\/\/lescaboteursdelune.fr\/index.php\/la-chaloupe\/\"]}]},{\"@type\":\"BreadcrumbList\",\"@id\":\"https:\/\/lescaboteursdelune.fr\/index.php\/la-chaloupe\/#breadcrumb\",\"itemListElement\":[{\"@type\":\"ListItem\",\"position\":1,\"name\":\"Accueil\",\"item\":\"https:\/\/lescaboteursdelune.fr\/\"},{\"@type\":\"ListItem\",\"position\":2,\"name\":\"La Chaloupe\"}]},{\"@type\":\"WebSite\",\"@id\":\"https:\/\/lescaboteursdelune.fr\/#website\",\"url\":\"https:\/\/lescaboteursdelune.fr\/\",\"name\":\"Les Caboteurs de Lune\",\"description\":\"Comptoir de fret \u00e0 la voile\",\"publisher\":{\"@id\":\"https:\/\/lescaboteursdelune.fr\/#organization\"},\"potentialAction\":[{\"@type\":\"SearchAction\",\"target\":{\"@type\":\"EntryPoint\",\"urlTemplate\":\"https:\/\/lescaboteursdelune.fr\/?s={search_term_string}\"},\"query-input\":\"required name=search_term_string\"}],\"inLanguage\":\"fr-FR\"},{\"@type\":\"Organization\",\"@id\":\"https:\/\/lescaboteursdelune.fr\/#organization\",\"name\":\"Les Caboteurs de Lune\",\"url\":\"https:\/\/lescaboteursdelune.fr\/\",\"logo\":{\"@type\":\"ImageObject\",\"inLanguage\":\"fr-FR\",\"@id\":\"https:\/\/lescaboteursdelune.fr\/#\/schema\/logo\/image\/\",\"url\":\"https:\/\/lescaboteursdelune.fr\/wp-content\/uploads\/2018\/07\/logo_caboteur.jpg\",\"contentUrl\":\"https:\/\/lescaboteursdelune.fr\/wp-content\/uploads\/2018\/07\/logo_caboteur.jpg\",\"width\":960,\"height\":960,\"caption\":\"Les Caboteurs de Lune\"},\"image\":{\"@id\":\"https:\/\/lescaboteursdelune.fr\/#\/schema\/logo\/image\/\"}}]}<\/script>\n<!-- \/ Yoast SEO plugin. -->","yoast_head_json":{"title":"La Chaloupe - Les Caboteurs de Lune","description":"Les Caboteurs de Lune association promotion Fret \u00e0 la Voile Noirmoutier Vend\u00e9e","robots":{"index":"index","follow":"follow","max-snippet":"max-snippet:-1","max-image-preview":"max-image-preview:large","max-video-preview":"max-video-preview:-1"},"canonical":"https:\/\/lescaboteursdelune.fr\/index.php\/la-chaloupe\/","og_locale":"fr_FR","og_type":"article","og_title":"La Chaloupe - Les Caboteurs de Lune","og_description":"Les Caboteurs de Lune association promotion Fret \u00e0 la Voile Noirmoutier Vend\u00e9e","og_url":"https:\/\/lescaboteursdelune.fr\/index.php\/la-chaloupe\/","og_site_name":"Les Caboteurs de Lune","article_modified_time":"2024-03-06T20:32:27+00:00","og_image":[{"url":"http:\/\/lescaboteursdelune.fr\/wp-content\/uploads\/2019\/11\/287836_453031578091959_30588793_o.jpg"}],"twitter_card":"summary_large_image","twitter_misc":{"Dur\u00e9e de lecture estim\u00e9e":"1 minute"},"schema":{"@context":"https:\/\/schema.org","@graph":[{"@type":"WebPage","@id":"https:\/\/lescaboteursdelune.fr\/index.php\/la-chaloupe\/","url":"https:\/\/lescaboteursdelune.fr\/index.php\/la-chaloupe\/","name":"La Chaloupe - Les Caboteurs de Lune","isPartOf":{"@id":"https:\/\/lescaboteursdelune.fr\/#website"},"datePublished":"2024-03-06T17:05:00+00:00","dateModified":"2024-03-06T20:32:27+00:00","description":"Les Caboteurs de Lune association promotion Fret \u00e0 la Voile Noirmoutier Vend\u00e9e","breadcrumb":{"@id":"https:\/\/lescaboteursdelune.fr\/index.php\/la-chaloupe\/#breadcrumb"},"inLanguage":"fr-FR","potentialAction":[{"@type":"ReadAction","target":["https:\/\/lescaboteursdelune.fr\/index.php\/la-chaloupe\/"]}]},{"@type":"BreadcrumbList","@id":"https:\/\/lescaboteursdelune.fr\/index.php\/la-chaloupe\/#breadcrumb","itemListElement":[{"@type":"ListItem","position":1,"name":"Accueil","item":"https:\/\/lescaboteursdelune.fr\/"},{"@type":"ListItem","position":2,"name":"La Chaloupe"}]},{"@type":"WebSite","@id":"https:\/\/lescaboteursdelune.fr\/#website","url":"https:\/\/lescaboteursdelune.fr\/","name":"Les Caboteurs de Lune","description":"Comptoir de fret \u00e0 la voile","publisher":{"@id":"https:\/\/lescaboteursdelune.fr\/#organization"},"potentialAction":[{"@type":"SearchAction","target":{"@type":"EntryPoint","urlTemplate":"https:\/\/lescaboteursdelune.fr\/?s={search_term_string}"},"query-input":"required name=search_term_string"}],"inLanguage":"fr-FR"},{"@type":"Organization","@id":"https:\/\/lescaboteursdelune.fr\/#organization","name":"Les Caboteurs de Lune","url":"https:\/\/lescaboteursdelune.fr\/","logo":{"@type":"ImageObject","inLanguage":"fr-FR","@id":"https:\/\/lescaboteursdelune.fr\/#\/schema\/logo\/image\/","url":"https:\/\/lescaboteursdelune.fr\/wp-content\/uploads\/2018\/07\/logo_caboteur.jpg","contentUrl":"https:\/\/lescaboteursdelune.fr\/wp-content\/uploads\/2018\/07\/logo_caboteur.jpg","width":960,"height":960,"caption":"Les Caboteurs de Lune"},"image":{"@id":"https:\/\/lescaboteursdelune.fr\/#\/schema\/logo\/image\/"}}]}},"_links":{"self":[{"href":"https:\/\/lescaboteursdelune.fr\/index.php\/wp-json\/wp\/v2\/pages\/1725","targetHints":{"allow":["GET"]}}],"collection":[{"href":"https:\/\/lescaboteursdelune.fr\/index.php\/wp-json\/wp\/v2\/pages"}],"about":[{"href":"https:\/\/lescaboteursdelune.fr\/index.php\/wp-json\/wp\/v2\/types\/page"}],"author":[{"embeddable":true,"href":"https:\/\/lescaboteursdelune.fr\/index.php\/wp-json\/wp\/v2\/users\/2"}],"replies":[{"embeddable":true,"href":"https:\/\/lescaboteursdelune.fr\/index.php\/wp-json\/wp\/v2\/comments?post=1725"}],"version-history":[{"count":13,"href":"https:\/\/lescaboteursdelune.fr\/index.php\/wp-json\/wp\/v2\/pages\/1725\/revisions"}],"predecessor-version":[{"id":1856,"href":"https:\/\/lescaboteursdelune.fr\/index.php\/wp-json\/wp\/v2\/pages\/1725\/revisions\/1856"}],"wp:attachment":[{"href":"https:\/\/lescaboteursdelune.fr\/index.php\/wp-json\/wp\/v2\/media?parent=1725"}],"curies":[{"name":"wp","href":"https:\/\/api.w.org\/{rel}","templated":true}]}}