{"id":1657,"date":"2024-03-06T15:30:16","date_gmt":"2024-03-06T14:30:16","guid":{"rendered":"https:\/\/lescaboteursdelune.fr\/?page_id=1657"},"modified":"2024-03-06T16:03:01","modified_gmt":"2024-03-06T15:03:01","slug":"le-cafe","status":"publish","type":"page","link":"https:\/\/lescaboteursdelune.fr\/index.php\/le-cafe\/","title":{"rendered":"Le caf\u00e9"},"content":{"rendered":"\n<div class=\"wp-block-media-text is-stacked-on-mobile is-image-fill has-white-color has-blue-background-color has-text-color has-background has-link-color wp-elements-373ca790f09b45b3d9a22b2e9d701676\"><figure class=\"wp-block-media-text__media\" style=\"background-image:url(https:\/\/lescaboteursdelune.fr\/wp-content\/uploads\/2024\/03\/IMG_20240306_135703-768x1024.jpg);background-position:54% 57%\"><img loading=\"lazy\" decoding=\"async\" width=\"768\" height=\"1024\" src=\"https:\/\/lescaboteursdelune.fr\/wp-content\/uploads\/2024\/03\/IMG_20240306_135703-768x1024.jpg\" alt=\"\" class=\"wp-image-1658 size-full\" srcset=\"https:\/\/lescaboteursdelune.fr\/wp-content\/uploads\/2024\/03\/IMG_20240306_135703-768x1024.jpg 768w, https:\/\/lescaboteursdelune.fr\/wp-content\/uploads\/2024\/03\/IMG_20240306_135703-225x300.jpg 225w, https:\/\/lescaboteursdelune.fr\/wp-content\/uploads\/2024\/03\/IMG_20240306_135703-1152x1536.jpg 1152w, https:\/\/lescaboteursdelune.fr\/wp-content\/uploads\/2024\/03\/IMG_20240306_135703.jpg 1231w\" sizes=\"auto, (max-width: 768px) 100vw, 768px\" \/><\/figure><div class=\"wp-block-media-text__content\">\n<p><\/p>\n\n\n\n<h2 class=\"wp-block-heading has-text-align-center\"><strong>Caf\u00e9 de Las Lomitas <\/strong><\/h2>\n\n\n\n<p><strong>Origine<\/strong> : Colombie &#8211; r\u00e9gion de La Vega<\/p>\n\n\n\n<p><strong>Altitude<\/strong> : 1200m<\/p>\n\n\n\n<p>Dans la ferme Las Lomitas, deux micro lots ont \u00e9t\u00e9 r\u00e9alis\u00e9s avec un total de 2200 caf\u00e9iers. Bien qu&rsquo;elle n&rsquo;ait pas de certifications, la culture dans cette ferme est travaill\u00e9 selon la philosophie Demeter, qui consiste en l&rsquo;utilisation de ce qu&rsquo;on appelle la biodynamie pr\u00e9parations pour le traitement des sols et des plantes.<\/p>\n\n\n\n<p>Compte tenu du fait qu&rsquo;il s&rsquo;agit d&rsquo;un micro lot, le caf\u00e9 de la ferme Las Lomitas est vendu exclusivement \u00e0 des clients qui valorisent la production biologique et respectent l&rsquo;environnement dans leurs pratiques.<\/p>\n\n\n\n<p>Transport\u00e9s verts par Gallant depuis la colombie, les grains de caf\u00e9 seront torr\u00e9fi\u00e9s \u00e0 Challans d\u00e8s l\u2019arriv\u00e9e du bateau \u00e0 Noirmoutier par le caf\u00e9 Om\u2019ri et mis en sachet dans la foul\u00e9e afin de conserver toutes ses saveurs.<\/p>\n\n\n\n<p><strong>Pr\u00e9commande<\/strong>&nbsp;: 13\u20ac\/500g<\/p>\n\n\n\n<p><strong>Sur place<\/strong> : \u00a0 16\u20ac\/500g<\/p>\n\n\n\n<p><\/p>\n<\/div><\/div>\n\n\n\n<p><\/p>\n","protected":false},"excerpt":{"rendered":"<p>Caf\u00e9 de Las Lomitas Origine : Colombie &#8211; r\u00e9gion de La Vega Altitude : 1200m Dans la ferme Las Lomitas, deux micro lots ont \u00e9t\u00e9 r\u00e9alis\u00e9s avec un total de 2200 caf\u00e9iers. Bien qu&rsquo;elle n&rsquo;ait pas de certifications, la culture dans cette ferme est travaill\u00e9 selon la philosophie Demeter, qui consiste en l&rsquo;utilisation de ce&hellip; <a href=\"https:\/\/lescaboteursdelune.fr\/index.php\/le-cafe\/\" class=\"more-link\">Lire la suite <span class=\"screen-reader-text\">Le caf\u00e9<\/span><\/a><\/p>\n","protected":false},"author":2,"featured_media":0,"parent":0,"menu_order":0,"comment_status":"closed","ping_status":"closed","template":"","meta":{"footnotes":""},"class_list":["post-1657","page","type-page","status-publish","hentry","without-featured-image"],"yoast_head":"<!-- This site is optimized with the Yoast SEO plugin v21.8.1 - https:\/\/yoast.com\/wordpress\/plugins\/seo\/ -->\n<title>Le caf\u00e9 - Les Caboteurs de Lune<\/title>\n<meta name=\"description\" content=\"Les Caboteurs de Lune association promotion Fret \u00e0 la Voile Noirmoutier Vend\u00e9e\" \/>\n<meta name=\"robots\" content=\"index, follow, max-snippet:-1, max-image-preview:large, max-video-preview:-1\" \/>\n<link rel=\"canonical\" href=\"https:\/\/lescaboteursdelune.fr\/index.php\/le-cafe\/\" \/>\n<meta property=\"og:locale\" content=\"fr_FR\" \/>\n<meta property=\"og:type\" content=\"article\" \/>\n<meta property=\"og:title\" content=\"Le caf\u00e9 - Les Caboteurs de Lune\" \/>\n<meta property=\"og:description\" content=\"Les Caboteurs de Lune association promotion Fret \u00e0 la Voile Noirmoutier Vend\u00e9e\" \/>\n<meta property=\"og:url\" content=\"https:\/\/lescaboteursdelune.fr\/index.php\/le-cafe\/\" \/>\n<meta property=\"og:site_name\" content=\"Les Caboteurs de Lune\" \/>\n<meta property=\"article:modified_time\" content=\"2024-03-06T15:03:01+00:00\" \/>\n<meta property=\"og:image\" content=\"https:\/\/lescaboteursdelune.fr\/wp-content\/uploads\/2024\/03\/IMG_20240306_135703-768x1024.jpg\" \/>\n<meta name=\"twitter:card\" content=\"summary_large_image\" \/>\n<meta name=\"twitter:label1\" content=\"Dur\u00e9e de lecture estim\u00e9e\" \/>\n\t<meta name=\"twitter:data1\" content=\"1 minute\" \/>\n<script type=\"application\/ld+json\" class=\"yoast-schema-graph\">{\"@context\":\"https:\/\/schema.org\",\"@graph\":[{\"@type\":\"WebPage\",\"@id\":\"https:\/\/lescaboteursdelune.fr\/index.php\/le-cafe\/\",\"url\":\"https:\/\/lescaboteursdelune.fr\/index.php\/le-cafe\/\",\"name\":\"Le caf\u00e9 - Les Caboteurs de Lune\",\"isPartOf\":{\"@id\":\"https:\/\/lescaboteursdelune.fr\/#website\"},\"datePublished\":\"2024-03-06T14:30:16+00:00\",\"dateModified\":\"2024-03-06T15:03:01+00:00\",\"description\":\"Les Caboteurs de Lune association promotion Fret \u00e0 la Voile Noirmoutier Vend\u00e9e\",\"breadcrumb\":{\"@id\":\"https:\/\/lescaboteursdelune.fr\/index.php\/le-cafe\/#breadcrumb\"},\"inLanguage\":\"fr-FR\",\"potentialAction\":[{\"@type\":\"ReadAction\",\"target\":[\"https:\/\/lescaboteursdelune.fr\/index.php\/le-cafe\/\"]}]},{\"@type\":\"BreadcrumbList\",\"@id\":\"https:\/\/lescaboteursdelune.fr\/index.php\/le-cafe\/#breadcrumb\",\"itemListElement\":[{\"@type\":\"ListItem\",\"position\":1,\"name\":\"Accueil\",\"item\":\"https:\/\/lescaboteursdelune.fr\/\"},{\"@type\":\"ListItem\",\"position\":2,\"name\":\"Le caf\u00e9\"}]},{\"@type\":\"WebSite\",\"@id\":\"https:\/\/lescaboteursdelune.fr\/#website\",\"url\":\"https:\/\/lescaboteursdelune.fr\/\",\"name\":\"Les Caboteurs de Lune\",\"description\":\"Comptoir de fret \u00e0 la voile\",\"publisher\":{\"@id\":\"https:\/\/lescaboteursdelune.fr\/#organization\"},\"potentialAction\":[{\"@type\":\"SearchAction\",\"target\":{\"@type\":\"EntryPoint\",\"urlTemplate\":\"https:\/\/lescaboteursdelune.fr\/?s={search_term_string}\"},\"query-input\":\"required name=search_term_string\"}],\"inLanguage\":\"fr-FR\"},{\"@type\":\"Organization\",\"@id\":\"https:\/\/lescaboteursdelune.fr\/#organization\",\"name\":\"Les Caboteurs de Lune\",\"url\":\"https:\/\/lescaboteursdelune.fr\/\",\"logo\":{\"@type\":\"ImageObject\",\"inLanguage\":\"fr-FR\",\"@id\":\"https:\/\/lescaboteursdelune.fr\/#\/schema\/logo\/image\/\",\"url\":\"https:\/\/lescaboteursdelune.fr\/wp-content\/uploads\/2018\/07\/logo_caboteur.jpg\",\"contentUrl\":\"https:\/\/lescaboteursdelune.fr\/wp-content\/uploads\/2018\/07\/logo_caboteur.jpg\",\"width\":960,\"height\":960,\"caption\":\"Les Caboteurs de Lune\"},\"image\":{\"@id\":\"https:\/\/lescaboteursdelune.fr\/#\/schema\/logo\/image\/\"}}]}<\/script>\n<!-- \/ Yoast SEO plugin. -->","yoast_head_json":{"title":"Le caf\u00e9 - Les Caboteurs de Lune","description":"Les Caboteurs de Lune association promotion Fret \u00e0 la Voile Noirmoutier Vend\u00e9e","robots":{"index":"index","follow":"follow","max-snippet":"max-snippet:-1","max-image-preview":"max-image-preview:large","max-video-preview":"max-video-preview:-1"},"canonical":"https:\/\/lescaboteursdelune.fr\/index.php\/le-cafe\/","og_locale":"fr_FR","og_type":"article","og_title":"Le caf\u00e9 - Les Caboteurs de Lune","og_description":"Les Caboteurs de Lune association promotion Fret \u00e0 la Voile Noirmoutier Vend\u00e9e","og_url":"https:\/\/lescaboteursdelune.fr\/index.php\/le-cafe\/","og_site_name":"Les Caboteurs de Lune","article_modified_time":"2024-03-06T15:03:01+00:00","og_image":[{"url":"https:\/\/lescaboteursdelune.fr\/wp-content\/uploads\/2024\/03\/IMG_20240306_135703-768x1024.jpg"}],"twitter_card":"summary_large_image","twitter_misc":{"Dur\u00e9e de lecture estim\u00e9e":"1 minute"},"schema":{"@context":"https:\/\/schema.org","@graph":[{"@type":"WebPage","@id":"https:\/\/lescaboteursdelune.fr\/index.php\/le-cafe\/","url":"https:\/\/lescaboteursdelune.fr\/index.php\/le-cafe\/","name":"Le caf\u00e9 - Les Caboteurs de Lune","isPartOf":{"@id":"https:\/\/lescaboteursdelune.fr\/#website"},"datePublished":"2024-03-06T14:30:16+00:00","dateModified":"2024-03-06T15:03:01+00:00","description":"Les Caboteurs de Lune association promotion Fret \u00e0 la Voile Noirmoutier Vend\u00e9e","breadcrumb":{"@id":"https:\/\/lescaboteursdelune.fr\/index.php\/le-cafe\/#breadcrumb"},"inLanguage":"fr-FR","potentialAction":[{"@type":"ReadAction","target":["https:\/\/lescaboteursdelune.fr\/index.php\/le-cafe\/"]}]},{"@type":"BreadcrumbList","@id":"https:\/\/lescaboteursdelune.fr\/index.php\/le-cafe\/#breadcrumb","itemListElement":[{"@type":"ListItem","position":1,"name":"Accueil","item":"https:\/\/lescaboteursdelune.fr\/"},{"@type":"ListItem","position":2,"name":"Le caf\u00e9"}]},{"@type":"WebSite","@id":"https:\/\/lescaboteursdelune.fr\/#website","url":"https:\/\/lescaboteursdelune.fr\/","name":"Les Caboteurs de Lune","description":"Comptoir de fret \u00e0 la voile","publisher":{"@id":"https:\/\/lescaboteursdelune.fr\/#organization"},"potentialAction":[{"@type":"SearchAction","target":{"@type":"EntryPoint","urlTemplate":"https:\/\/lescaboteursdelune.fr\/?s={search_term_string}"},"query-input":"required name=search_term_string"}],"inLanguage":"fr-FR"},{"@type":"Organization","@id":"https:\/\/lescaboteursdelune.fr\/#organization","name":"Les Caboteurs de Lune","url":"https:\/\/lescaboteursdelune.fr\/","logo":{"@type":"ImageObject","inLanguage":"fr-FR","@id":"https:\/\/lescaboteursdelune.fr\/#\/schema\/logo\/image\/","url":"https:\/\/lescaboteursdelune.fr\/wp-content\/uploads\/2018\/07\/logo_caboteur.jpg","contentUrl":"https:\/\/lescaboteursdelune.fr\/wp-content\/uploads\/2018\/07\/logo_caboteur.jpg","width":960,"height":960,"caption":"Les Caboteurs de Lune"},"image":{"@id":"https:\/\/lescaboteursdelune.fr\/#\/schema\/logo\/image\/"}}]}},"_links":{"self":[{"href":"https:\/\/lescaboteursdelune.fr\/index.php\/wp-json\/wp\/v2\/pages\/1657","targetHints":{"allow":["GET"]}}],"collection":[{"href":"https:\/\/lescaboteursdelune.fr\/index.php\/wp-json\/wp\/v2\/pages"}],"about":[{"href":"https:\/\/lescaboteursdelune.fr\/index.php\/wp-json\/wp\/v2\/types\/page"}],"author":[{"embeddable":true,"href":"https:\/\/lescaboteursdelune.fr\/index.php\/wp-json\/wp\/v2\/users\/2"}],"replies":[{"embeddable":true,"href":"https:\/\/lescaboteursdelune.fr\/index.php\/wp-json\/wp\/v2\/comments?post=1657"}],"version-history":[{"count":2,"href":"https:\/\/lescaboteursdelune.fr\/index.php\/wp-json\/wp\/v2\/pages\/1657\/revisions"}],"predecessor-version":[{"id":1693,"href":"https:\/\/lescaboteursdelune.fr\/index.php\/wp-json\/wp\/v2\/pages\/1657\/revisions\/1693"}],"wp:attachment":[{"href":"https:\/\/lescaboteursdelune.fr\/index.php\/wp-json\/wp\/v2\/media?parent=1657"}],"curies":[{"name":"wp","href":"https:\/\/api.w.org\/{rel}","templated":true}]}}