{"id":1645,"date":"2024-03-06T14:35:04","date_gmt":"2024-03-06T13:35:04","guid":{"rendered":"https:\/\/lescaboteursdelune.fr\/?page_id=1645"},"modified":"2024-03-06T15:53:36","modified_gmt":"2024-03-06T14:53:36","slug":"les-olives-en-pots","status":"publish","type":"page","link":"https:\/\/lescaboteursdelune.fr\/index.php\/les-olives-en-pots\/","title":{"rendered":"Les olives en pots"},"content":{"rendered":"\n<div class=\"wp-block-media-text has-media-on-the-right is-stacked-on-mobile is-image-fill has-white-color has-blue-background-color has-text-color has-background has-link-color wp-elements-d7411ce609acb553ba8f24e9fb1f964c\" style=\"grid-template-columns:auto 32%\"><div class=\"wp-block-media-text__content\">\n<p><\/p>\n\n\n\n<h2 class=\"wp-block-heading\"><strong>Olives \u00e0 l\u2019huile et \u00e0 l\u2019ail<\/strong> <\/h2>\n\n\n\n<p class=\"has-text-align-left\">Caixeiro &#8211; Bocal de 170g                                <strong>Certifi\u00e9e biologique<\/strong><\/p>\n\n\n\n<p>Ces olives 100% Cobran\u00e7osa sont conserv\u00e9es selon une recette traditionnelle \u00e0 l\u2019ail et diff\u00e9rentes herbes aromatiques, baies et origan, huile d\u2019olive extra vierge.<\/p>\n\n\n\n<p><strong>Pr\u00e9commande&nbsp;:<\/strong>                                                   6\u20ac50 le bocal d\u2019olives \u00e0 l\u2019huile de 170g.                                              35\u20ac par carton (x6 bocaux de 170g identiques).<\/p>\n\n\n\n<p><strong>Sur place&nbsp;:&nbsp;<\/strong>                                                             7\u20ac50 le bocal de 170g d\u2019olives \u00e0 l\u2019huile.<\/p>\n<\/div><figure class=\"wp-block-media-text__media\" style=\"background-image:url(https:\/\/lescaboteursdelune.fr\/wp-content\/uploads\/2024\/03\/azeitonas_alholouro_1500px-500x500-1.png);background-position:52% 53%\"><img loading=\"lazy\" decoding=\"async\" width=\"500\" height=\"500\" src=\"https:\/\/lescaboteursdelune.fr\/wp-content\/uploads\/2024\/03\/azeitonas_alholouro_1500px-500x500-1.png\" alt=\"\" class=\"wp-image-1635 size-full\" srcset=\"https:\/\/lescaboteursdelune.fr\/wp-content\/uploads\/2024\/03\/azeitonas_alholouro_1500px-500x500-1.png 500w, https:\/\/lescaboteursdelune.fr\/wp-content\/uploads\/2024\/03\/azeitonas_alholouro_1500px-500x500-1-300x300.png 300w, https:\/\/lescaboteursdelune.fr\/wp-content\/uploads\/2024\/03\/azeitonas_alholouro_1500px-500x500-1-150x150.png 150w, https:\/\/lescaboteursdelune.fr\/wp-content\/uploads\/2024\/03\/azeitonas_alholouro_1500px-500x500-1-180x180.png 180w\" sizes=\"auto, (max-width: 500px) 100vw, 500px\" \/><\/figure><\/div>\n\n\n\n<div class=\"wp-block-media-text is-stacked-on-mobile is-image-fill has-white-color has-blue-background-color has-text-color has-background has-link-color wp-elements-30572232b349d7d818ec3d127c82739f\" style=\"grid-template-columns:30% auto\"><figure class=\"wp-block-media-text__media\" style=\"background-image:url(http:\/\/lescaboteursdelune.fr\/wp-content\/uploads\/2024\/03\/azeitonas_limaolouro_1500px-500x500-1.png);background-position:49% 57%\"><img loading=\"lazy\" decoding=\"async\" width=\"500\" height=\"500\" src=\"http:\/\/lescaboteursdelune.fr\/wp-content\/uploads\/2024\/03\/azeitonas_limaolouro_1500px-500x500-1.png\" alt=\"\" class=\"wp-image-1636 size-full\" srcset=\"https:\/\/lescaboteursdelune.fr\/wp-content\/uploads\/2024\/03\/azeitonas_limaolouro_1500px-500x500-1.png 500w, https:\/\/lescaboteursdelune.fr\/wp-content\/uploads\/2024\/03\/azeitonas_limaolouro_1500px-500x500-1-300x300.png 300w, https:\/\/lescaboteursdelune.fr\/wp-content\/uploads\/2024\/03\/azeitonas_limaolouro_1500px-500x500-1-150x150.png 150w, https:\/\/lescaboteursdelune.fr\/wp-content\/uploads\/2024\/03\/azeitonas_limaolouro_1500px-500x500-1-180x180.png 180w\" sizes=\"auto, (max-width: 500px) 100vw, 500px\" \/><\/figure><div class=\"wp-block-media-text__content\">\n<h2 class=\"wp-block-heading has-text-align-right\"><strong>Olives \u00e0 l\u2019huile et au citron<\/strong> <\/h2>\n\n\n\n<p class=\"has-text-align-right\">Caixeiro &#8211; Bocal de 170g                               <strong>Certifi\u00e9e biologique<\/strong><\/p>\n\n\n\n<p class=\"has-text-align-right\">Ces olives 100% Cobran\u00e7osa sont conserv\u00e9es selon une recette traditionnelle au citron et diff\u00e9rentes herbes aromatiques, baies et origan, huile d\u2019olive extra vierge.<\/p>\n\n\n\n<p class=\"has-text-align-right\"><strong>Pr\u00e9commande&nbsp;:<\/strong>                                                   6\u20ac50 le bocal d\u2019olives \u00e0 l\u2019huile de 170g.                                              35\u20ac par carton (x6 bocaux de 170g identiques).<\/p>\n\n\n\n<p class=\"has-text-align-right\"><strong>Sur place\u00a0:\u00a0<\/strong>                                                             7\u20ac50 le bocal de 170g d\u2019olives \u00e0 l\u2019huile.<\/p>\n\n\n\n<p><\/p>\n<\/div><\/div>\n","protected":false},"excerpt":{"rendered":"<p>Olives \u00e0 l\u2019huile et \u00e0 l\u2019ail Caixeiro &#8211; Bocal de 170g Certifi\u00e9e biologique Ces olives 100% Cobran\u00e7osa sont conserv\u00e9es selon une recette traditionnelle \u00e0 l\u2019ail et diff\u00e9rentes herbes aromatiques, baies et origan, huile d\u2019olive extra vierge. Pr\u00e9commande&nbsp;: 6\u20ac50 le bocal d\u2019olives \u00e0 l\u2019huile de 170g. 35\u20ac par carton (x6 bocaux de 170g identiques). Sur place&nbsp;:&nbsp;&hellip; <a href=\"https:\/\/lescaboteursdelune.fr\/index.php\/les-olives-en-pots\/\" class=\"more-link\">Lire la suite <span class=\"screen-reader-text\">Les olives en pots<\/span><\/a><\/p>\n","protected":false},"author":2,"featured_media":0,"parent":0,"menu_order":0,"comment_status":"closed","ping_status":"closed","template":"","meta":{"footnotes":""},"class_list":["post-1645","page","type-page","status-publish","hentry","without-featured-image"],"yoast_head":"<!-- This site is optimized with the Yoast SEO plugin v21.8.1 - https:\/\/yoast.com\/wordpress\/plugins\/seo\/ -->\n<title>Les olives en pots - Les Caboteurs de Lune<\/title>\n<meta name=\"description\" content=\"Les Caboteurs de Lune association promotion Fret \u00e0 la Voile Noirmoutier Vend\u00e9e\" \/>\n<meta name=\"robots\" content=\"index, follow, max-snippet:-1, max-image-preview:large, max-video-preview:-1\" \/>\n<link rel=\"canonical\" href=\"https:\/\/lescaboteursdelune.fr\/index.php\/les-olives-en-pots\/\" \/>\n<meta property=\"og:locale\" content=\"fr_FR\" \/>\n<meta property=\"og:type\" content=\"article\" \/>\n<meta property=\"og:title\" content=\"Les olives en pots - Les Caboteurs de Lune\" \/>\n<meta property=\"og:description\" content=\"Les Caboteurs de Lune association promotion Fret \u00e0 la Voile Noirmoutier Vend\u00e9e\" \/>\n<meta property=\"og:url\" content=\"https:\/\/lescaboteursdelune.fr\/index.php\/les-olives-en-pots\/\" \/>\n<meta property=\"og:site_name\" content=\"Les Caboteurs de Lune\" \/>\n<meta property=\"article:modified_time\" content=\"2024-03-06T14:53:36+00:00\" \/>\n<meta property=\"og:image\" content=\"https:\/\/lescaboteursdelune.fr\/wp-content\/uploads\/2024\/03\/azeitonas_alholouro_1500px-500x500-1.png\" \/>\n<meta name=\"twitter:card\" content=\"summary_large_image\" \/>\n<meta name=\"twitter:label1\" content=\"Dur\u00e9e de lecture estim\u00e9e\" \/>\n\t<meta name=\"twitter:data1\" content=\"2 minutes\" \/>\n<script type=\"application\/ld+json\" class=\"yoast-schema-graph\">{\"@context\":\"https:\/\/schema.org\",\"@graph\":[{\"@type\":\"WebPage\",\"@id\":\"https:\/\/lescaboteursdelune.fr\/index.php\/les-olives-en-pots\/\",\"url\":\"https:\/\/lescaboteursdelune.fr\/index.php\/les-olives-en-pots\/\",\"name\":\"Les olives en pots - Les Caboteurs de Lune\",\"isPartOf\":{\"@id\":\"https:\/\/lescaboteursdelune.fr\/#website\"},\"datePublished\":\"2024-03-06T13:35:04+00:00\",\"dateModified\":\"2024-03-06T14:53:36+00:00\",\"description\":\"Les Caboteurs de Lune association promotion Fret \u00e0 la Voile Noirmoutier Vend\u00e9e\",\"breadcrumb\":{\"@id\":\"https:\/\/lescaboteursdelune.fr\/index.php\/les-olives-en-pots\/#breadcrumb\"},\"inLanguage\":\"fr-FR\",\"potentialAction\":[{\"@type\":\"ReadAction\",\"target\":[\"https:\/\/lescaboteursdelune.fr\/index.php\/les-olives-en-pots\/\"]}]},{\"@type\":\"BreadcrumbList\",\"@id\":\"https:\/\/lescaboteursdelune.fr\/index.php\/les-olives-en-pots\/#breadcrumb\",\"itemListElement\":[{\"@type\":\"ListItem\",\"position\":1,\"name\":\"Accueil\",\"item\":\"https:\/\/lescaboteursdelune.fr\/\"},{\"@type\":\"ListItem\",\"position\":2,\"name\":\"Les olives en pots\"}]},{\"@type\":\"WebSite\",\"@id\":\"https:\/\/lescaboteursdelune.fr\/#website\",\"url\":\"https:\/\/lescaboteursdelune.fr\/\",\"name\":\"Les Caboteurs de Lune\",\"description\":\"Comptoir de fret \u00e0 la voile\",\"publisher\":{\"@id\":\"https:\/\/lescaboteursdelune.fr\/#organization\"},\"potentialAction\":[{\"@type\":\"SearchAction\",\"target\":{\"@type\":\"EntryPoint\",\"urlTemplate\":\"https:\/\/lescaboteursdelune.fr\/?s={search_term_string}\"},\"query-input\":\"required name=search_term_string\"}],\"inLanguage\":\"fr-FR\"},{\"@type\":\"Organization\",\"@id\":\"https:\/\/lescaboteursdelune.fr\/#organization\",\"name\":\"Les Caboteurs de Lune\",\"url\":\"https:\/\/lescaboteursdelune.fr\/\",\"logo\":{\"@type\":\"ImageObject\",\"inLanguage\":\"fr-FR\",\"@id\":\"https:\/\/lescaboteursdelune.fr\/#\/schema\/logo\/image\/\",\"url\":\"https:\/\/lescaboteursdelune.fr\/wp-content\/uploads\/2018\/07\/logo_caboteur.jpg\",\"contentUrl\":\"https:\/\/lescaboteursdelune.fr\/wp-content\/uploads\/2018\/07\/logo_caboteur.jpg\",\"width\":960,\"height\":960,\"caption\":\"Les Caboteurs de Lune\"},\"image\":{\"@id\":\"https:\/\/lescaboteursdelune.fr\/#\/schema\/logo\/image\/\"}}]}<\/script>\n<!-- \/ Yoast SEO plugin. -->","yoast_head_json":{"title":"Les olives en pots - Les Caboteurs de Lune","description":"Les Caboteurs de Lune association promotion Fret \u00e0 la Voile Noirmoutier Vend\u00e9e","robots":{"index":"index","follow":"follow","max-snippet":"max-snippet:-1","max-image-preview":"max-image-preview:large","max-video-preview":"max-video-preview:-1"},"canonical":"https:\/\/lescaboteursdelune.fr\/index.php\/les-olives-en-pots\/","og_locale":"fr_FR","og_type":"article","og_title":"Les olives en pots - Les Caboteurs de Lune","og_description":"Les Caboteurs de Lune association promotion Fret \u00e0 la Voile Noirmoutier Vend\u00e9e","og_url":"https:\/\/lescaboteursdelune.fr\/index.php\/les-olives-en-pots\/","og_site_name":"Les Caboteurs de Lune","article_modified_time":"2024-03-06T14:53:36+00:00","og_image":[{"url":"https:\/\/lescaboteursdelune.fr\/wp-content\/uploads\/2024\/03\/azeitonas_alholouro_1500px-500x500-1.png"}],"twitter_card":"summary_large_image","twitter_misc":{"Dur\u00e9e de lecture estim\u00e9e":"2 minutes"},"schema":{"@context":"https:\/\/schema.org","@graph":[{"@type":"WebPage","@id":"https:\/\/lescaboteursdelune.fr\/index.php\/les-olives-en-pots\/","url":"https:\/\/lescaboteursdelune.fr\/index.php\/les-olives-en-pots\/","name":"Les olives en pots - Les Caboteurs de Lune","isPartOf":{"@id":"https:\/\/lescaboteursdelune.fr\/#website"},"datePublished":"2024-03-06T13:35:04+00:00","dateModified":"2024-03-06T14:53:36+00:00","description":"Les Caboteurs de Lune association promotion Fret \u00e0 la Voile Noirmoutier Vend\u00e9e","breadcrumb":{"@id":"https:\/\/lescaboteursdelune.fr\/index.php\/les-olives-en-pots\/#breadcrumb"},"inLanguage":"fr-FR","potentialAction":[{"@type":"ReadAction","target":["https:\/\/lescaboteursdelune.fr\/index.php\/les-olives-en-pots\/"]}]},{"@type":"BreadcrumbList","@id":"https:\/\/lescaboteursdelune.fr\/index.php\/les-olives-en-pots\/#breadcrumb","itemListElement":[{"@type":"ListItem","position":1,"name":"Accueil","item":"https:\/\/lescaboteursdelune.fr\/"},{"@type":"ListItem","position":2,"name":"Les olives en pots"}]},{"@type":"WebSite","@id":"https:\/\/lescaboteursdelune.fr\/#website","url":"https:\/\/lescaboteursdelune.fr\/","name":"Les Caboteurs de Lune","description":"Comptoir de fret \u00e0 la voile","publisher":{"@id":"https:\/\/lescaboteursdelune.fr\/#organization"},"potentialAction":[{"@type":"SearchAction","target":{"@type":"EntryPoint","urlTemplate":"https:\/\/lescaboteursdelune.fr\/?s={search_term_string}"},"query-input":"required name=search_term_string"}],"inLanguage":"fr-FR"},{"@type":"Organization","@id":"https:\/\/lescaboteursdelune.fr\/#organization","name":"Les Caboteurs de Lune","url":"https:\/\/lescaboteursdelune.fr\/","logo":{"@type":"ImageObject","inLanguage":"fr-FR","@id":"https:\/\/lescaboteursdelune.fr\/#\/schema\/logo\/image\/","url":"https:\/\/lescaboteursdelune.fr\/wp-content\/uploads\/2018\/07\/logo_caboteur.jpg","contentUrl":"https:\/\/lescaboteursdelune.fr\/wp-content\/uploads\/2018\/07\/logo_caboteur.jpg","width":960,"height":960,"caption":"Les Caboteurs de Lune"},"image":{"@id":"https:\/\/lescaboteursdelune.fr\/#\/schema\/logo\/image\/"}}]}},"_links":{"self":[{"href":"https:\/\/lescaboteursdelune.fr\/index.php\/wp-json\/wp\/v2\/pages\/1645","targetHints":{"allow":["GET"]}}],"collection":[{"href":"https:\/\/lescaboteursdelune.fr\/index.php\/wp-json\/wp\/v2\/pages"}],"about":[{"href":"https:\/\/lescaboteursdelune.fr\/index.php\/wp-json\/wp\/v2\/types\/page"}],"author":[{"embeddable":true,"href":"https:\/\/lescaboteursdelune.fr\/index.php\/wp-json\/wp\/v2\/users\/2"}],"replies":[{"embeddable":true,"href":"https:\/\/lescaboteursdelune.fr\/index.php\/wp-json\/wp\/v2\/comments?post=1645"}],"version-history":[{"count":3,"href":"https:\/\/lescaboteursdelune.fr\/index.php\/wp-json\/wp\/v2\/pages\/1645\/revisions"}],"predecessor-version":[{"id":1684,"href":"https:\/\/lescaboteursdelune.fr\/index.php\/wp-json\/wp\/v2\/pages\/1645\/revisions\/1684"}],"wp:attachment":[{"href":"https:\/\/lescaboteursdelune.fr\/index.php\/wp-json\/wp\/v2\/media?parent=1645"}],"curies":[{"name":"wp","href":"https:\/\/api.w.org\/{rel}","templated":true}]}}