{"id":125,"date":"2018-07-19T14:35:03","date_gmt":"2018-07-19T12:35:03","guid":{"rendered":"http:\/\/lescaboteursdelune.fr\/?page_id=125"},"modified":"2020-02-25T18:44:56","modified_gmt":"2020-02-25T17:44:56","slug":"new-dawn-traders","status":"publish","type":"page","link":"https:\/\/lescaboteursdelune.fr\/index.php\/new-dawn-traders\/","title":{"rendered":"New Dawn Traders"},"content":{"rendered":"<p><img loading=\"lazy\" decoding=\"async\" class=\"size-medium wp-image-126 alignright\" src=\"http:\/\/lescaboteursdelune.fr\/wp-content\/uploads\/2018\/07\/New-Dawn-Traders-Logo-Thumbnail-450x450-300x300.jpg\" alt=\"\" width=\"300\" height=\"300\" srcset=\"https:\/\/lescaboteursdelune.fr\/wp-content\/uploads\/2018\/07\/New-Dawn-Traders-Logo-Thumbnail-450x450-300x300.jpg 300w, https:\/\/lescaboteursdelune.fr\/wp-content\/uploads\/2018\/07\/New-Dawn-Traders-Logo-Thumbnail-450x450-150x150.jpg 150w, https:\/\/lescaboteursdelune.fr\/wp-content\/uploads\/2018\/07\/New-Dawn-Traders-Logo-Thumbnail-450x450-180x180.jpg 180w, https:\/\/lescaboteursdelune.fr\/wp-content\/uploads\/2018\/07\/New-Dawn-Traders-Logo-Thumbnail-450x450.jpg 450w\" sizes=\"auto, (max-width: 300px) 100vw, 300px\" \/><\/p>\n<p>L&rsquo;histoire des <a href=\"http:\/\/www.newdawntraders.com\">New Dawn Traders<\/a> d\u00e9bute il y a une dizaine d&rsquo;ann\u00e9es, de l&rsquo;autre cot\u00e9 de l&rsquo;Atlantique, \u00e0 Bahia, au Br\u00e9sil. Alexandra, entour\u00e9e de quelques amis, d\u00e9cide de s&rsquo;installer sur un morceau de terre pour s&rsquo;initier \u00e0 un mode de vie durable. Avec la population locale, elle participe \u00e0 la r\u00e9habilitation d&rsquo;une ferme couverte aux 3\/4 par des cacaoyers. Rapidement, s&rsquo;en suit le r\u00eave de ramener ces f\u00e8ves en Europe, par bateau \u00e0 voile. De ces premi\u00e8res conversations entre amis, Alexandra trouva sa voie.<\/p>\n<p>La reprise de la ferme constituait d\u00e9j\u00e0 une id\u00e9e courageuse, avec une philosophie d&rsquo;\u00e9quit\u00e9 envers la Plan\u00e8te et l&rsquo;Homme. Le choix d&rsquo;un transport \u00e0 la voile n\u2019\u00e9tait qu&rsquo;une extension naturelle des principes de cette vision d&rsquo;origine : cr\u00e9er m\u00e9taphoriquement et physiquement un pont entre les communaut\u00e9s et cultures lointaines tout en respectant l\u2019environnement.<\/p>\n<p>De retour en Angleterre, Alexandra partagea son r\u00eave avec Jamy, Lucie, Darren et Becky, puis ensemble ils cr\u00e9\u00e8rent les New Dawn Traders (Marchands de la Nouvelle Aube). Leur recherche de cargo \u00e0 voile commen\u00e7a alors&#8230;<\/p>\n<p>Certains eurent l&rsquo;opportunit\u00e9 d&#8217;embarquer sur Irene de Bridgewater, et bien que le voyage ne fut pas fructueux, cela leur permit de pr\u00e9ciser leurs attentes et d&rsquo;avancer dans leur projet. Ils continu\u00e8rent leur recherche \u00e0 travers les diff\u00e9rentes initiatives de fret \u00e0 voile et c&rsquo;est finalement aux Pays-Bas, avec l&rsquo;entreprise <a href=\"http:\/\/fairtransport.eu\/\">Fairtransport<\/a> qu&rsquo;ils trouv\u00e8rent satisfaction. Ils d\u00e9couvrirent Tres Hombres, le cargo \u00e0 voile de l&rsquo;entreprise, lors d&rsquo;une de ses escales en Angleterre lors d&rsquo;un retour des Cara\u00efbes. Instantan\u00e9ment ce fut un coup de foudre pour le navire et son \u00e9quipage. Ils partageaient la m\u00eame vision des choses et aucun autre bateau ne pouvait davantage correspondre \u00e0 leur r\u00eave.<\/p>\n<p>Pour s\u2019immerger compl\u00e8tement dans cette nouvelle opportunit\u00e9, Alexandra s&rsquo;engagea en tant que cuisini\u00e8re sur le navire, pour 8 mois.\u00a0 Un voyage aux multiples escales, des Pays-Bas jusqu&rsquo;aux Cara\u00efbes en passant, entre autres, par le Portugal, les \u00eeles du Cap Vert, le Br\u00e9sil et bien d&rsquo;autres. C&rsquo;est lors de ce voyage que les New Dawn Traders livr\u00e8rent leur premier baril de rhum de R\u00e9publique Dominicaine, le premier livr\u00e9 en Angleterre en cargo \u00e0 voile depuis un si\u00e8cle !<\/p>\n<p>Depuis, d&rsquo;autres barils ont travers\u00e9s les mers et les oc\u00e9ans par la force du vent ainsi que du chocolat, du caf\u00e9, de l&rsquo;huile d&rsquo;olive&#8230; Et les membres de New Dawn accordent toujours une grande importance \u00e0 la c\u00e9l\u00e9bration de l&rsquo;arriv\u00e9e de chaque navire.<\/p>\n\n\n<div class=\"wp-block-image\"><figure class=\"aligncenter is-resized\"><img loading=\"lazy\" decoding=\"async\" src=\"http:\/\/lescaboteursdelune.fr\/wp-content\/uploads\/2019\/09\/Logo-NDT-1024x496.png\" alt=\"\" class=\"wp-image-593\" width=\"334\" height=\"161\" srcset=\"https:\/\/lescaboteursdelune.fr\/wp-content\/uploads\/2019\/09\/Logo-NDT-1024x496.png 1024w, https:\/\/lescaboteursdelune.fr\/wp-content\/uploads\/2019\/09\/Logo-NDT-300x145.png 300w, https:\/\/lescaboteursdelune.fr\/wp-content\/uploads\/2019\/09\/Logo-NDT-768x372.png 768w, https:\/\/lescaboteursdelune.fr\/wp-content\/uploads\/2019\/09\/Logo-NDT.png 1512w\" sizes=\"auto, (max-width: 334px) 100vw, 334px\" \/><\/figure><\/div>\n","protected":false},"excerpt":{"rendered":"<p>L&rsquo;histoire des New Dawn Traders d\u00e9bute il y a une dizaine d&rsquo;ann\u00e9es, de l&rsquo;autre cot\u00e9 de l&rsquo;Atlantique, \u00e0 Bahia, au Br\u00e9sil. Alexandra, entour\u00e9e de quelques amis, d\u00e9cide de s&rsquo;installer sur un morceau de terre pour s&rsquo;initier \u00e0 un mode de vie durable. Avec la population locale, elle participe \u00e0 la r\u00e9habilitation d&rsquo;une ferme couverte aux&hellip; <a href=\"https:\/\/lescaboteursdelune.fr\/index.php\/new-dawn-traders\/\" class=\"more-link\">Lire la suite <span class=\"screen-reader-text\">New Dawn Traders<\/span><\/a><\/p>\n","protected":false},"author":3,"featured_media":0,"parent":0,"menu_order":0,"comment_status":"closed","ping_status":"closed","template":"","meta":{"footnotes":""},"class_list":["post-125","page","type-page","status-publish","hentry","without-featured-image"],"yoast_head":"<!-- This site is optimized with the Yoast SEO plugin v21.8.1 - https:\/\/yoast.com\/wordpress\/plugins\/seo\/ -->\n<title>New Dawn Traders - Les Caboteurs de Lune<\/title>\n<meta name=\"description\" content=\"Les Caboteurs de Lune association promotion Fret \u00e0 la Voile Noirmoutier Vend\u00e9e\" \/>\n<meta name=\"robots\" content=\"index, follow, max-snippet:-1, max-image-preview:large, max-video-preview:-1\" \/>\n<link rel=\"canonical\" href=\"https:\/\/lescaboteursdelune.fr\/index.php\/new-dawn-traders\/\" \/>\n<meta property=\"og:locale\" content=\"fr_FR\" \/>\n<meta property=\"og:type\" content=\"article\" \/>\n<meta property=\"og:title\" content=\"New Dawn Traders - Les Caboteurs de Lune\" \/>\n<meta property=\"og:description\" content=\"Les Caboteurs de Lune association promotion Fret \u00e0 la Voile Noirmoutier Vend\u00e9e\" \/>\n<meta property=\"og:url\" content=\"https:\/\/lescaboteursdelune.fr\/index.php\/new-dawn-traders\/\" \/>\n<meta property=\"og:site_name\" content=\"Les Caboteurs de Lune\" \/>\n<meta property=\"article:modified_time\" content=\"2020-02-25T17:44:56+00:00\" \/>\n<meta property=\"og:image\" content=\"http:\/\/lescaboteursdelune.fr\/wp-content\/uploads\/2018\/07\/New-Dawn-Traders-Logo-Thumbnail-450x450-300x300.jpg\" \/>\n<meta name=\"twitter:card\" content=\"summary_large_image\" \/>\n<meta name=\"twitter:label1\" content=\"Dur\u00e9e de lecture estim\u00e9e\" \/>\n\t<meta name=\"twitter:data1\" content=\"2 minutes\" \/>\n<script type=\"application\/ld+json\" class=\"yoast-schema-graph\">{\"@context\":\"https:\/\/schema.org\",\"@graph\":[{\"@type\":\"WebPage\",\"@id\":\"https:\/\/lescaboteursdelune.fr\/index.php\/new-dawn-traders\/\",\"url\":\"https:\/\/lescaboteursdelune.fr\/index.php\/new-dawn-traders\/\",\"name\":\"New Dawn Traders - Les Caboteurs de Lune\",\"isPartOf\":{\"@id\":\"https:\/\/lescaboteursdelune.fr\/#website\"},\"datePublished\":\"2018-07-19T12:35:03+00:00\",\"dateModified\":\"2020-02-25T17:44:56+00:00\",\"description\":\"Les Caboteurs de Lune association promotion Fret \u00e0 la Voile Noirmoutier Vend\u00e9e\",\"breadcrumb\":{\"@id\":\"https:\/\/lescaboteursdelune.fr\/index.php\/new-dawn-traders\/#breadcrumb\"},\"inLanguage\":\"fr-FR\",\"potentialAction\":[{\"@type\":\"ReadAction\",\"target\":[\"https:\/\/lescaboteursdelune.fr\/index.php\/new-dawn-traders\/\"]}]},{\"@type\":\"BreadcrumbList\",\"@id\":\"https:\/\/lescaboteursdelune.fr\/index.php\/new-dawn-traders\/#breadcrumb\",\"itemListElement\":[{\"@type\":\"ListItem\",\"position\":1,\"name\":\"Accueil\",\"item\":\"https:\/\/lescaboteursdelune.fr\/\"},{\"@type\":\"ListItem\",\"position\":2,\"name\":\"New Dawn Traders\"}]},{\"@type\":\"WebSite\",\"@id\":\"https:\/\/lescaboteursdelune.fr\/#website\",\"url\":\"https:\/\/lescaboteursdelune.fr\/\",\"name\":\"Les Caboteurs de Lune\",\"description\":\"Comptoir de fret \u00e0 la voile\",\"publisher\":{\"@id\":\"https:\/\/lescaboteursdelune.fr\/#organization\"},\"potentialAction\":[{\"@type\":\"SearchAction\",\"target\":{\"@type\":\"EntryPoint\",\"urlTemplate\":\"https:\/\/lescaboteursdelune.fr\/?s={search_term_string}\"},\"query-input\":\"required name=search_term_string\"}],\"inLanguage\":\"fr-FR\"},{\"@type\":\"Organization\",\"@id\":\"https:\/\/lescaboteursdelune.fr\/#organization\",\"name\":\"Les Caboteurs de Lune\",\"url\":\"https:\/\/lescaboteursdelune.fr\/\",\"logo\":{\"@type\":\"ImageObject\",\"inLanguage\":\"fr-FR\",\"@id\":\"https:\/\/lescaboteursdelune.fr\/#\/schema\/logo\/image\/\",\"url\":\"https:\/\/lescaboteursdelune.fr\/wp-content\/uploads\/2018\/07\/logo_caboteur.jpg\",\"contentUrl\":\"https:\/\/lescaboteursdelune.fr\/wp-content\/uploads\/2018\/07\/logo_caboteur.jpg\",\"width\":960,\"height\":960,\"caption\":\"Les Caboteurs de Lune\"},\"image\":{\"@id\":\"https:\/\/lescaboteursdelune.fr\/#\/schema\/logo\/image\/\"}}]}<\/script>\n<!-- \/ Yoast SEO plugin. -->","yoast_head_json":{"title":"New Dawn Traders - Les Caboteurs de Lune","description":"Les Caboteurs de Lune association promotion Fret \u00e0 la Voile Noirmoutier Vend\u00e9e","robots":{"index":"index","follow":"follow","max-snippet":"max-snippet:-1","max-image-preview":"max-image-preview:large","max-video-preview":"max-video-preview:-1"},"canonical":"https:\/\/lescaboteursdelune.fr\/index.php\/new-dawn-traders\/","og_locale":"fr_FR","og_type":"article","og_title":"New Dawn Traders - Les Caboteurs de Lune","og_description":"Les Caboteurs de Lune association promotion Fret \u00e0 la Voile Noirmoutier Vend\u00e9e","og_url":"https:\/\/lescaboteursdelune.fr\/index.php\/new-dawn-traders\/","og_site_name":"Les Caboteurs de Lune","article_modified_time":"2020-02-25T17:44:56+00:00","og_image":[{"url":"http:\/\/lescaboteursdelune.fr\/wp-content\/uploads\/2018\/07\/New-Dawn-Traders-Logo-Thumbnail-450x450-300x300.jpg"}],"twitter_card":"summary_large_image","twitter_misc":{"Dur\u00e9e de lecture estim\u00e9e":"2 minutes"},"schema":{"@context":"https:\/\/schema.org","@graph":[{"@type":"WebPage","@id":"https:\/\/lescaboteursdelune.fr\/index.php\/new-dawn-traders\/","url":"https:\/\/lescaboteursdelune.fr\/index.php\/new-dawn-traders\/","name":"New Dawn Traders - Les Caboteurs de Lune","isPartOf":{"@id":"https:\/\/lescaboteursdelune.fr\/#website"},"datePublished":"2018-07-19T12:35:03+00:00","dateModified":"2020-02-25T17:44:56+00:00","description":"Les Caboteurs de Lune association promotion Fret \u00e0 la Voile Noirmoutier Vend\u00e9e","breadcrumb":{"@id":"https:\/\/lescaboteursdelune.fr\/index.php\/new-dawn-traders\/#breadcrumb"},"inLanguage":"fr-FR","potentialAction":[{"@type":"ReadAction","target":["https:\/\/lescaboteursdelune.fr\/index.php\/new-dawn-traders\/"]}]},{"@type":"BreadcrumbList","@id":"https:\/\/lescaboteursdelune.fr\/index.php\/new-dawn-traders\/#breadcrumb","itemListElement":[{"@type":"ListItem","position":1,"name":"Accueil","item":"https:\/\/lescaboteursdelune.fr\/"},{"@type":"ListItem","position":2,"name":"New Dawn Traders"}]},{"@type":"WebSite","@id":"https:\/\/lescaboteursdelune.fr\/#website","url":"https:\/\/lescaboteursdelune.fr\/","name":"Les Caboteurs de Lune","description":"Comptoir de fret \u00e0 la voile","publisher":{"@id":"https:\/\/lescaboteursdelune.fr\/#organization"},"potentialAction":[{"@type":"SearchAction","target":{"@type":"EntryPoint","urlTemplate":"https:\/\/lescaboteursdelune.fr\/?s={search_term_string}"},"query-input":"required name=search_term_string"}],"inLanguage":"fr-FR"},{"@type":"Organization","@id":"https:\/\/lescaboteursdelune.fr\/#organization","name":"Les Caboteurs de Lune","url":"https:\/\/lescaboteursdelune.fr\/","logo":{"@type":"ImageObject","inLanguage":"fr-FR","@id":"https:\/\/lescaboteursdelune.fr\/#\/schema\/logo\/image\/","url":"https:\/\/lescaboteursdelune.fr\/wp-content\/uploads\/2018\/07\/logo_caboteur.jpg","contentUrl":"https:\/\/lescaboteursdelune.fr\/wp-content\/uploads\/2018\/07\/logo_caboteur.jpg","width":960,"height":960,"caption":"Les Caboteurs de Lune"},"image":{"@id":"https:\/\/lescaboteursdelune.fr\/#\/schema\/logo\/image\/"}}]}},"_links":{"self":[{"href":"https:\/\/lescaboteursdelune.fr\/index.php\/wp-json\/wp\/v2\/pages\/125","targetHints":{"allow":["GET"]}}],"collection":[{"href":"https:\/\/lescaboteursdelune.fr\/index.php\/wp-json\/wp\/v2\/pages"}],"about":[{"href":"https:\/\/lescaboteursdelune.fr\/index.php\/wp-json\/wp\/v2\/types\/page"}],"author":[{"embeddable":true,"href":"https:\/\/lescaboteursdelune.fr\/index.php\/wp-json\/wp\/v2\/users\/3"}],"replies":[{"embeddable":true,"href":"https:\/\/lescaboteursdelune.fr\/index.php\/wp-json\/wp\/v2\/comments?post=125"}],"version-history":[{"count":7,"href":"https:\/\/lescaboteursdelune.fr\/index.php\/wp-json\/wp\/v2\/pages\/125\/revisions"}],"predecessor-version":[{"id":1031,"href":"https:\/\/lescaboteursdelune.fr\/index.php\/wp-json\/wp\/v2\/pages\/125\/revisions\/1031"}],"wp:attachment":[{"href":"https:\/\/lescaboteursdelune.fr\/index.php\/wp-json\/wp\/v2\/media?parent=125"}],"curies":[{"name":"wp","href":"https:\/\/api.w.org\/{rel}","templated":true}]}}